{"id":6042,"date":"2024-01-28T19:32:01","date_gmt":"2024-01-28T18:32:01","guid":{"rendered":"https:\/\/www.blumeriaconsulting.sk\/?page_id=6042"},"modified":"2025-01-24T13:20:08","modified_gmt":"2025-01-24T12:20:08","slug":"prenajom-auta","status":"publish","type":"page","link":"https:\/\/www.blumeriaconsulting.sk\/de\/prenajom-auta\/","title":{"rendered":"Pren\u00e1jom"},"content":{"rendered":"<p>[et_pb_section fb_built=&#8220;1&#8243; _builder_version=&#8220;4.24.0&#8243; _module_preset=&#8220;default&#8220; custom_padding=&#8220;4px|||||&#8220; global_colors_info=&#8220;{}&#8220;][et_pb_row column_structure=&#8220;1_2,1_2&#8243; _builder_version=&#8220;4.24.0&#8243; _module_preset=&#8220;default&#8220; global_colors_info=&#8220;{}&#8220;][et_pb_column type=&#8220;1_2&#8243; _builder_version=&#8220;4.24.0&#8243; _module_preset=&#8220;default&#8220; global_colors_info=&#8220;{}&#8220;][et_pb_image src=&#8220;https:\/\/www.blumeriaconsulting.sk\/wp-content\/uploads\/2024\/02\/IMG-20240205-WA0001.jpg&#8220; title_text=&#8220;IMG-20240205-WA0001&#8243; _builder_version=&#8220;4.24.0&#8243; _module_preset=&#8220;default&#8220; global_colors_info=&#8220;{}&#8220;][\/et_pb_image][\/et_pb_column][et_pb_column type=&#8220;1_2&#8243; _builder_version=&#8220;4.24.0&#8243; _module_preset=&#8220;default&#8220; global_colors_info=&#8220;{}&#8220;][et_pb_text _builder_version=&#8220;4.24.0&#8243; _module_preset=&#8220;default&#8220; text_font=&#8220;Titillium Web|600|||||||&#8220; text_font_size=&#8220;20px&#8220; text_orientation=&#8220;center&#8220; custom_padding=&#8220;100px||||false|false&#8220; custom_padding_tablet=&#8220;100px||||false|false&#8220; custom_padding_phone=&#8220;100px||||false|false&#8220; custom_padding_last_edited=&#8220;on|phone&#8220; global_colors_info=&#8220;{}&#8220;]<\/p>\n<p>Pren\u00e1jom osobn\u00e9ho vozidla Ford Tourneo Custom.<\/p>\n<p>[\/et_pb_text][\/et_pb_column][\/et_pb_row][et_pb_row _builder_version=&#8220;4.24.0&#8243; _module_preset=&#8220;default&#8220; border_width_bottom=&#8220;1px&#8220; border_color_bottom=&#8220;#1FE0BA&#8220; global_colors_info=&#8220;{}&#8220;][et_pb_column type=&#8220;4_4&#8243; _builder_version=&#8220;4.24.0&#8243; _module_preset=&#8220;default&#8220; global_colors_info=&#8220;{}&#8220;][et_pb_blurb title=&#8220;Podmienky pren\u00e1jmu osobn\u00e9ho motorov\u00e9ho vozidla Ford Tourneo Custom&#8220; url=&#8220;@ET-DC@eyJkeW5hbWljIjp0cnVlLCJjb250ZW50IjoicG9zdF9saW5rX3VybF9wYWdlIiwic2V0dGluZ3MiOnsicG9zdF9pZCI6IjYwNDYifX0=@&#8220; use_icon=&#8220;on&#8220; font_icon=&#8220;&#xf007;||fa||400&#8243; icon_color=&#8220;#169e3a&#8220; image_icon_background_color=&#8220;#FFFFFF&#8220; image_icon_width=&#8220;30px&#8220; content_max_width=&#8220;850px&#8220; _builder_version=&#8220;4.24.0&#8243; _dynamic_attributes=&#8220;url&#8220; _module_preset=&#8220;default&#8220; custom_padding=&#8220;7px|||||&#8220; global_colors_info=&#8220;{}&#8220; transform_styles__hover_enabled=&#8220;on|hover&#8220; transform_scale__hover_enabled=&#8220;on|hover&#8220; transform_translate__hover_enabled=&#8220;on|desktop&#8220; transform_rotate__hover_enabled=&#8220;on|desktop&#8220; transform_skew__hover_enabled=&#8220;on|desktop&#8220; transform_origin__hover_enabled=&#8220;on|desktop&#8220; transform_scale__hover=&#8220;118%|118%&#8220;][\/et_pb_blurb][\/et_pb_column][\/et_pb_row][et_pb_row _builder_version=&#8220;4.24.0&#8243; _module_preset=&#8220;default&#8220; border_width_bottom=&#8220;1px&#8220; border_color_bottom=&#8220;#1FE0BA&#8220; global_colors_info=&#8220;{}&#8220;][et_pb_column type=&#8220;4_4&#8243; _builder_version=&#8220;4.24.0&#8243; _module_preset=&#8220;default&#8220; global_colors_info=&#8220;{}&#8220;][et_pb_blurb title=&#8220;Alternat\u00edvne rie\u0161enie spotrebite\u013esk\u00fdch sporov&#8220; url=&#8220;@ET-DC@eyJkeW5hbWljIjp0cnVlLCJjb250ZW50IjoicG9zdF9saW5rX3VybF9wYWdlIiwic2V0dGluZ3MiOnsicG9zdF9pZCI6IjYwNTQifX0=@&#8220; use_icon=&#8220;on&#8220; font_icon=&#8220;&#xe068;||fa||900&#8243; icon_color=&#8220;#169e3a&#8220; image_icon_background_color=&#8220;#FFFFFF&#8220; image_icon_width=&#8220;30px&#8220; content_max_width=&#8220;850px&#8220; _builder_version=&#8220;4.24.0&#8243; _dynamic_attributes=&#8220;url&#8220; _module_preset=&#8220;default&#8220; custom_padding=&#8220;7px|||||&#8220; global_colors_info=&#8220;{}&#8220; transform_styles__hover_enabled=&#8220;on|hover&#8220; transform_scale__hover=&#8220;118%|118%&#8220; transform_scale__hover_enabled=&#8220;on|hover&#8220; transform_translate__hover_enabled=&#8220;on|desktop&#8220; transform_rotate__hover_enabled=&#8220;on|desktop&#8220; transform_skew__hover_enabled=&#8220;on|desktop&#8220; transform_origin__hover_enabled=&#8220;on|desktop&#8220;][\/et_pb_blurb][\/et_pb_column][\/et_pb_row][\/et_pb_section]<\/p>\n","protected":false},"excerpt":{"rendered":"<p>Pren\u00e1jom osobn\u00e9ho vozidla Ford Tourneo Custom.<\/p>\n","protected":false},"author":1,"featured_media":0,"parent":0,"menu_order":0,"comment_status":"closed","ping_status":"closed","template":"","meta":{"_et_pb_use_builder":"on","_et_pb_old_content":"<!-- wp:divi\/placeholder \/-->","_et_gb_content_width":"","footnotes":""},"class_list":["post-6042","page","type-page","status-publish","hentry"],"yoast_head":"<!-- This site is optimized with the Yoast SEO plugin v27.4 - https:\/\/yoast.com\/product\/yoast-seo-wordpress\/ -->\n<title>Pren\u00e1jom - Blumeria consulting s.r.o.<\/title>\n<meta name=\"description\" content=\"Pren\u00e1jom auta\" \/>\n<meta name=\"robots\" content=\"index, follow, max-snippet:-1, max-image-preview:large, max-video-preview:-1\" \/>\n<link rel=\"canonical\" href=\"https:\/\/www.blumeriaconsulting.sk\/de\/prenajom-auta\/\" \/>\n<meta property=\"og:locale\" content=\"de_DE\" \/>\n<meta property=\"og:type\" content=\"article\" \/>\n<meta property=\"og:title\" content=\"Pren\u00e1jom - Blumeria consulting s.r.o.\" \/>\n<meta property=\"og:description\" content=\"Pren\u00e1jom auta\" \/>\n<meta property=\"og:url\" content=\"https:\/\/www.blumeriaconsulting.sk\/de\/prenajom-auta\/\" \/>\n<meta property=\"og:site_name\" content=\"Blumeria consulting s.r.o.\" \/>\n<meta property=\"article:modified_time\" content=\"2025-01-24T12:20:08+00:00\" \/>\n<meta name=\"twitter:card\" content=\"summary_large_image\" \/>\n<script type=\"application\/ld+json\" class=\"yoast-schema-graph\">{\"@context\":\"https:\\\/\\\/schema.org\",\"@graph\":[{\"@type\":\"WebPage\",\"@id\":\"https:\\\/\\\/www.blumeriaconsulting.sk\\\/de\\\/prenajom-auta\\\/\",\"url\":\"https:\\\/\\\/www.blumeriaconsulting.sk\\\/de\\\/prenajom-auta\\\/\",\"name\":\"Pren\u00e1jom - Blumeria consulting s.r.o.\",\"isPartOf\":{\"@id\":\"https:\\\/\\\/www.blumeriaconsulting.sk\\\/de\\\/#website\"},\"datePublished\":\"2024-01-28T18:32:01+00:00\",\"dateModified\":\"2025-01-24T12:20:08+00:00\",\"description\":\"Pren\u00e1jom auta\",\"breadcrumb\":{\"@id\":\"https:\\\/\\\/www.blumeriaconsulting.sk\\\/de\\\/prenajom-auta\\\/#breadcrumb\"},\"inLanguage\":\"de\",\"potentialAction\":[{\"@type\":\"ReadAction\",\"target\":[\"https:\\\/\\\/www.blumeriaconsulting.sk\\\/de\\\/prenajom-auta\\\/\"]}]},{\"@type\":\"BreadcrumbList\",\"@id\":\"https:\\\/\\\/www.blumeriaconsulting.sk\\\/de\\\/prenajom-auta\\\/#breadcrumb\",\"itemListElement\":[{\"@type\":\"ListItem\",\"position\":1,\"name\":\"Domovsk\u00e1 str\u00e1nka\",\"item\":\"https:\\\/\\\/www.blumeriaconsulting.sk\\\/de\\\/\"},{\"@type\":\"ListItem\",\"position\":2,\"name\":\"Pren\u00e1jom\"}]},{\"@type\":\"WebSite\",\"@id\":\"https:\\\/\\\/www.blumeriaconsulting.sk\\\/de\\\/#website\",\"url\":\"https:\\\/\\\/www.blumeriaconsulting.sk\\\/de\\\/\",\"name\":\"Blumeria consulting s.r.o.\",\"description\":\"za pokus to stoj\u00ed...\",\"potentialAction\":[{\"@type\":\"SearchAction\",\"target\":{\"@type\":\"EntryPoint\",\"urlTemplate\":\"https:\\\/\\\/www.blumeriaconsulting.sk\\\/de\\\/?s={search_term_string}\"},\"query-input\":{\"@type\":\"PropertyValueSpecification\",\"valueRequired\":true,\"valueName\":\"search_term_string\"}}],\"inLanguage\":\"de\"}]}<\/script>\n<!-- \/ Yoast SEO plugin. -->","yoast_head_json":{"title":"Pren\u00e1jom - Blumeria consulting s.r.o.","description":"Pren\u00e1jom auta","robots":{"index":"index","follow":"follow","max-snippet":"max-snippet:-1","max-image-preview":"max-image-preview:large","max-video-preview":"max-video-preview:-1"},"canonical":"https:\/\/www.blumeriaconsulting.sk\/de\/prenajom-auta\/","og_locale":"de_DE","og_type":"article","og_title":"Pren\u00e1jom - Blumeria consulting s.r.o.","og_description":"Pren\u00e1jom auta","og_url":"https:\/\/www.blumeriaconsulting.sk\/de\/prenajom-auta\/","og_site_name":"Blumeria consulting s.r.o.","article_modified_time":"2025-01-24T12:20:08+00:00","twitter_card":"summary_large_image","schema":{"@context":"https:\/\/schema.org","@graph":[{"@type":"WebPage","@id":"https:\/\/www.blumeriaconsulting.sk\/de\/prenajom-auta\/","url":"https:\/\/www.blumeriaconsulting.sk\/de\/prenajom-auta\/","name":"Pren\u00e1jom - Blumeria consulting s.r.o.","isPartOf":{"@id":"https:\/\/www.blumeriaconsulting.sk\/de\/#website"},"datePublished":"2024-01-28T18:32:01+00:00","dateModified":"2025-01-24T12:20:08+00:00","description":"Pren\u00e1jom auta","breadcrumb":{"@id":"https:\/\/www.blumeriaconsulting.sk\/de\/prenajom-auta\/#breadcrumb"},"inLanguage":"de","potentialAction":[{"@type":"ReadAction","target":["https:\/\/www.blumeriaconsulting.sk\/de\/prenajom-auta\/"]}]},{"@type":"BreadcrumbList","@id":"https:\/\/www.blumeriaconsulting.sk\/de\/prenajom-auta\/#breadcrumb","itemListElement":[{"@type":"ListItem","position":1,"name":"Domovsk\u00e1 str\u00e1nka","item":"https:\/\/www.blumeriaconsulting.sk\/de\/"},{"@type":"ListItem","position":2,"name":"Pren\u00e1jom"}]},{"@type":"WebSite","@id":"https:\/\/www.blumeriaconsulting.sk\/de\/#website","url":"https:\/\/www.blumeriaconsulting.sk\/de\/","name":"Blumeria consulting s.r.o.","description":"za pokus to stoj\u00ed...","potentialAction":[{"@type":"SearchAction","target":{"@type":"EntryPoint","urlTemplate":"https:\/\/www.blumeriaconsulting.sk\/de\/?s={search_term_string}"},"query-input":{"@type":"PropertyValueSpecification","valueRequired":true,"valueName":"search_term_string"}}],"inLanguage":"de"}]}},"_links":{"self":[{"href":"https:\/\/www.blumeriaconsulting.sk\/de\/wp-json\/wp\/v2\/pages\/6042","targetHints":{"allow":["GET"]}}],"collection":[{"href":"https:\/\/www.blumeriaconsulting.sk\/de\/wp-json\/wp\/v2\/pages"}],"about":[{"href":"https:\/\/www.blumeriaconsulting.sk\/de\/wp-json\/wp\/v2\/types\/page"}],"author":[{"embeddable":true,"href":"https:\/\/www.blumeriaconsulting.sk\/de\/wp-json\/wp\/v2\/users\/1"}],"replies":[{"embeddable":true,"href":"https:\/\/www.blumeriaconsulting.sk\/de\/wp-json\/wp\/v2\/comments?post=6042"}],"version-history":[{"count":9,"href":"https:\/\/www.blumeriaconsulting.sk\/de\/wp-json\/wp\/v2\/pages\/6042\/revisions"}],"predecessor-version":[{"id":7286,"href":"https:\/\/www.blumeriaconsulting.sk\/de\/wp-json\/wp\/v2\/pages\/6042\/revisions\/7286"}],"wp:attachment":[{"href":"https:\/\/www.blumeriaconsulting.sk\/de\/wp-json\/wp\/v2\/media?parent=6042"}],"curies":[{"name":"wp","href":"https:\/\/api.w.org\/{rel}","templated":true}]}}