{"id":6046,"date":"2024-01-28T19:32:56","date_gmt":"2024-01-28T18:32:56","guid":{"rendered":"https:\/\/www.blumeriaconsulting.sk\/?page_id=6046"},"modified":"2025-01-24T13:43:48","modified_gmt":"2025-01-24T12:43:48","slug":"informacie-pre-spotrebitela","status":"publish","type":"page","link":"https:\/\/www.blumeriaconsulting.sk\/de\/informacie-pre-spotrebitela\/","title":{"rendered":"Inform\u00e1cie pre spotrebite\u013ea"},"content":{"rendered":"<p>[et_pb_section fb_built=&#8220;1&#8243; _builder_version=&#8220;4.24.0&#8243; _module_preset=&#8220;default&#8220; custom_padding=&#8220;2px|||||&#8220; global_colors_info=&#8220;{}&#8220;][et_pb_row _builder_version=&#8220;4.24.0&#8243; _module_preset=&#8220;default&#8220; width_tablet=&#8220;90%&#8220; width_phone=&#8220;auto&#8220; width_last_edited=&#8220;on|phone&#8220; custom_padding=&#8220;|30px||30px|false|true&#8220; box_shadow_style=&#8220;preset1&#8243; global_colors_info=&#8220;{}&#8220;][et_pb_column type=&#8220;4_4&#8243; _builder_version=&#8220;4.24.0&#8243; _module_preset=&#8220;default&#8220; global_colors_info=&#8220;{}&#8220;][et_pb_text _builder_version=&#8220;4.27.4&#8243; _module_preset=&#8220;default&#8220; text_font=&#8220;Titillium Web|600|||||||&#8220; custom_padding=&#8220;50px|50px|50px|50px|true|true&#8220; custom_padding_tablet=&#8220;50px|50px|50px|50px|true|true&#8220; custom_padding_phone=&#8220;30px|5px|30px|5px|true|true&#8220; custom_padding_last_edited=&#8220;on|desktop&#8220; hover_enabled=&#8220;0&#8243; text_font_size_tablet=&#8220;&#8220; text_font_size_phone=&#8220;15px&#8220; text_font_size_last_edited=&#8220;on|phone&#8220; global_colors_info=&#8220;{}&#8220; sticky_enabled=&#8220;0&#8243; text_text_color=&#8220;#000000&#8243; header_font=&#8220;|600|||||||&#8220; header_2_font=&#8220;|600|||||||&#8220; header_2_line_height=&#8220;1.4em&#8220; text_orientation=&#8220;center&#8220; header_font_size=&#8220;33px&#8220;]<\/p>\n<h1>Podmienky pren\u00e1jmu osobn\u00e9ho motorov\u00e9ho vozidla Ford Tourneo Custom<\/h1>\n<h2>Inform\u00e1cia pre Z\u00e1kazn\u00edka (fyzick\u00e9 osoby nepodnikatelia)<\/h2>\n<p>[\/et_pb_text][et_pb_text _builder_version=&#8220;4.27.4&#8243; _module_preset=&#8220;default&#8220; text_font=&#8220;Titillium Web||||||||&#8220; custom_padding=&#8220;50px|50px|50px|50px|true|true&#8220; custom_padding_tablet=&#8220;50px|50px|50px|50px|true|true&#8220; custom_padding_phone=&#8220;30px|5px|30px|5px|true|true&#8220; custom_padding_last_edited=&#8220;on|desktop&#8220; hover_enabled=&#8220;0&#8243; text_font_size_tablet=&#8220;&#8220; text_font_size_phone=&#8220;15px&#8220; text_font_size_last_edited=&#8220;on|phone&#8220; global_colors_info=&#8220;{}&#8220; sticky_enabled=&#8220;0&#8243; text_text_color=&#8220;#000000&#8243; header_font=&#8220;|600|||||||&#8220; header_2_font=&#8220;|600|||||||&#8220; header_2_line_height=&#8220;1.2em&#8220;]<\/p>\n<p>Obchodn\u00e9 meno Prenaj\u00edmate\u013ea: Blumeria consulting s.r.o.<br \/>S\u00eddlo Prenaj\u00edmate\u013ea: \u013d. Ok\u00e1nika 590\/4, Nitra 949 01<br \/>I\u010cO Prenaj\u00edmate\u013ea: 46 989 617<br \/>Tel. kontakt: 0907\/504 059<br \/>e-mailov\u00e1 adresa: eva.guttenova@blumeriaconsulting.sk<\/p>\n<p><strong>V\u0161eobecn\u00e9 ustanovenia:<\/strong><br \/>Spolo\u010dnos\u0165 Blumeria consulting s.r.o. pon\u00faka kr\u00e1tkodob\u00fd aj dlhodob\u00fd pren\u00e1jom 8-miestneho vozidla Ford Tourneo Custom, a to na z\u00e1klade Zmluve o pren\u00e1jme motorov\u00e9ho vozidla (\u010falej ako \u201eZmluva\u201c) uzavretej medzi spolo\u010dnos\u0165ou Blumeria consulting s.r.o. ako Prenaj\u00edmate\u013eom a fyzickou osobou ako N\u00e1jomcom. Zmluva sa uzatv\u00e1ra na prev\u00e1dzke Prenaj\u00edmate\u013ea.<\/p>\n<p><strong>Podmienky uzavretia Zmluvy:<\/strong><br \/>Fyzick\u00e1 osoba predlo\u017e\u00ed pri uzavret\u00ed Zmluvy o pren\u00e1jme motorov\u00e9ho vozidla nasledovn\u00e9 doklady:<br \/>platn\u00fd ob\u010diansky preukaz, pr\u00edpadne cestovn\u00fd pas<br \/>platn\u00fd vodi\u010dsk\u00fd preukaz<br \/>minim\u00e1lny vek vodi\u010da: 21 rokov<\/p>\n<p><strong>D\u013a\u017eka trvania Zmluvy:<\/strong><br \/>D\u013a\u017eka doby n\u00e1jmu na z\u00e1klade dohody zmluvn\u00fdch str\u00e1n v rozsahu minim\u00e1lne 1 a\u017e maxim\u00e1lne 365 dn\u00ed s mo\u017enos\u0165ou skr\u00e1tenia resp. pred\u013a\u017eenia doby n\u00e1jmu po\u010das trvania Zmluvy. D\u00e1tum a \u010das prevzatia a d\u00e1tum a \u010das vr\u00e1tenia vozidla bud\u00fa ur\u010den\u00e9 na z\u00e1klade dohody v Protokole o prevzat\u00ed a vr\u00e1ten\u00ed vozidla, ktor\u00fd bude pr\u00edlohou Zmluvy.<br \/>Trvanie Zmluvy sa skon\u010d\u00ed vr\u00e1ten\u00edm vozidla v mieste ur\u010denom v Zmluve. Zmluvu je mo\u017en\u00e9 ukon\u010di\u0165 p\u00edsomnou dohodou Zmluvn\u00fdch str\u00e1n alebo p\u00edsomn\u00fdm odst\u00fapen\u00edm jednou zo str\u00e1n, doru\u010den\u00fdm druhej strane v pr\u00edpadoch ur\u010den\u00fdch v Zmluve.<br \/><strong><\/strong><\/p>\n<p><strong>Miesto prevzatia a miesto vr\u00e1tenia vozidla:<\/strong><br \/>Miesto prevzatia a miesto vr\u00e1tenia vozidla bude ur\u010den\u00e9 v Protokole o prevzat\u00ed a vr\u00e1ten\u00ed vozidla, ktor\u00fd bude pr\u00edlohou Zmluvy.<br \/><strong><\/strong><\/p>\n<p><strong>Cena a platobn\u00e9 podmienky:<\/strong><br \/>Prenaj\u00edmate\u013e vystav\u00ed fakt\u00faru za n\u00e1jom po skon\u010den\u00ed skuto\u010dnej doby n\u00e1jmu. V pr\u00edpade, ak doba n\u00e1jmu presiahne 1 kalend\u00e1rny mesiac, Prenaj\u00edmate\u013e je opr\u00e1vnen\u00fd vystavova\u0165 fakt\u00fary v mesa\u010dn\u00fdch intervaloch. Splatnos\u0165 fakt\u00fary je 15 dn\u00ed odo d\u0148a jej doru\u010denia N\u00e1jomcovi.<br \/>N\u00e1jomca nie je povinn\u00fd plati\u0165 n\u00e1jomn\u00e9 za \u010das, v ktorom nemohol vozidlo u\u017e\u00edva\u0165 pre nesp\u00f4sobilos\u0165 vozidla alebo potrebu jeho opravy, iba\u017ee nemo\u017enos\u0165 u\u017e\u00edva\u0165 vozidlo sp\u00f4sobil N\u00e1jomca alebo osoby, ktor\u00fdm N\u00e1jomca umo\u017enil k vozidlu pr\u00edstup.<br \/>Prenaj\u00edmate\u013e \u00fa\u010dtuje N\u00e1jomcovi depozit vo v\u00fd\u0161ke 500,- EUR. Depozit bude sl\u00fa\u017ei\u0165 na zabezpe\u010denie pr\u00edpadn\u00fdch poh\u013ead\u00e1vok Prenaj\u00edmate\u013ea vo\u010di N\u00e1jomcovi zo Zmluvy, predov\u0161etk\u00fdm na zaplatenie n\u00e1hrady \u0161kody a zaplatenie zmluvn\u00fdch pok\u00fat. Depozit bude vr\u00e1ten\u00fd N\u00e1jomcovi po ukon\u010den\u00ed n\u00e1jmu a vr\u00e1ten\u00ed vozidla Prenaj\u00edmate\u013eovi v neporu\u0161enom stave spolu s pr\u00edslu\u0161enstvom s prihliadnut\u00edm na be\u017en\u00e9 opotrebenie sp\u00f4soben\u00e9 u\u017e\u00edvan\u00edm vozidla a po uhraden\u00ed v\u0161etk\u00fdch poh\u013ead\u00e1vok Prenaj\u00edmate\u013ea vo\u010di N\u00e1jomcovi zo Zmluvy.<br \/>Prenaj\u00edmate\u013e m\u00e1 pr\u00e1vo po\u017eadova\u0165 od N\u00e1jomcu z\u00e1lohu na cenu n\u00e1jmu maxim\u00e1lne vo v\u00fd\u0161ke ceny n\u00e1jmu za cel\u00fa dobu n\u00e1jmu. V\u00fd\u0161ka z\u00e1lohy bude stanoven\u00e1 v pr\u00edlohe Zmluvy. Z\u00e1loha m\u00f4\u017ee by\u0165 zapo\u010d\u00edtan\u00e1 s n\u00e1rokom Prenaj\u00edmate\u013ea na zaplatenie n\u00e1jomn\u00e9ho pr\u00edpadne \u010fal\u0161\u00edch n\u00e1rokov vzniknut\u00fdch na z\u00e1klade Zmluvy (zmluvn\u00e1 pokuta a pod.) V pr\u00edpade preplatku z\u00e1lohy bude rozdiel medzi v\u00fd\u0161kou z\u00e1lohy a n\u00e1jomn\u00fdm spolu s in\u00fdmi odplatami za slu\u017eby Prenaj\u00edmate\u013ea vr\u00e1ten\u00fd N\u00e1jomcovi najnesk\u00f4r do 7 dn\u00ed od ukon\u010denia doby n\u00e1jmu.<br \/>V cenn\u00edku s\u00fa uveden\u00e9 ceny za jeden de\u0148 pren\u00e1jmu v z\u00e1vislosti od d\u013a\u017eky pren\u00e1jmu a obdobia pren\u00e1jmu spolu s uveden\u00edm denn\u00e9ho limitu po\u010dtu prejazden\u00fdch kilometrov s DPH. V pr\u00edpade prekro\u010denia po\u010dtu najazden\u00fdch km nad limit (v priemere na 1 de\u0148 doby n\u00e1jmu) v z\u00e1vislosti od doby pren\u00e1jmu uvedenej v cenn\u00edku je \u00fa\u010dtovan\u00fd poplatok vo v\u00fd\u0161ke 0,12 EUR s DPH \/ za ka\u017ed\u00fd 1 prejazden\u00fd km nad prekro\u010den\u00fd limit.<\/p>\n<h4 style=\"text-align: center;\">Cenn\u00edk za pren\u00e1jom motorov\u00e9ho vozidla<\/h4>\n<table class=\"responsive-table\">\n<tbody>\n<tr>\n<th>Doba pren\u00e1jmu<\/th>\n<th>Cena pren\u00e1jmu za 1 de\u0148 v EUR s DPH<\/th>\n<th>Cena pren\u00e1jmu za 1 de\u0148 v EUR s DPH v obdob\u00ed od 1.7. do 31.8.<\/th>\n<\/tr>\n<tr>\n<td>0-1 de\u0148 (max 400 km\/de\u0148)<\/td>\n<td>102,- EUR<\/td>\n<td>132,60 EUR<\/td>\n<\/tr>\n<tr>\n<td>2-3 dni (max 400 km\/de\u0148)<\/td>\n<td>96,- EUR<\/td>\n<td>124,80 EUR<\/td>\n<\/tr>\n<tr>\n<td>4-7 dn\u00ed (max 350 km\/de\u0148)<\/td>\n<td>90,- EUR<\/td>\n<td>117,- EUR<\/td>\n<\/tr>\n<tr>\n<td>8-14 dn\u00ed (max 300 km\/de\u0148)<\/td>\n<td>78,- EUR<\/td>\n<td>101,40 EUR<\/td>\n<\/tr>\n<tr>\n<td>15-30 dn\u00ed (max 250 km\/de\u0148)<\/td>\n<td>72,- EUR<\/td>\n<td>93,60 EUR<\/td>\n<\/tr>\n<tr>\n<td>31-365 dn\u00ed (max 200 km\/de\u0148)<\/td>\n<td>60,- EUR<\/td>\n<td>78,- EUR<\/td>\n<\/tr>\n<\/tbody>\n<\/table>\n<h4 style=\"text-align: center;\">Cenn\u00edk extra slu\u017eieb<\/h4>\n<table class=\"responsive-table\">\n<tbody>\n<tr>\n<th>Slu\u017eba<\/th>\n<th>Cena v EUR s DPH<\/th>\n<\/tr>\n<tr>\n<td>\u010cistenie interi\u00e9ru<\/td>\n<td>48,- EUR<\/td>\n<\/tr>\n<tr>\n<td>\u010cistenie exteri\u00e9ru<\/td>\n<td>36,- EUR<\/td>\n<\/tr>\n<tr>\n<td>Tepovanie<\/td>\n<td>72,- EUR<\/td>\n<\/tr>\n<tr>\n<td>Pr\u00edplatok za vyzdvihnutie po\u010das \u0161t\u00e1tnych sviatkov<\/td>\n<td>18,- EUR<\/td>\n<\/tr>\n<tr>\n<td>Poplatok za ponechanie vozidla mimo miesta ur\u010den\u00e9ho v Protokole<\/td>\n<td>100,- EUR + 1\/km za ka\u017ed\u00fd kilometer jazdy po vozidlo a sp\u00e4\u0165<\/td>\n<\/tr>\n<\/tbody>\n<\/table>\n<p>V cene pren\u00e1jmu vozidla je zahrnut\u00e9:<br \/>\u2022 Pneumatiky pod\u013ea ro\u010dn\u00e9ho obdobia<br \/>\u2022 Povinn\u00e9 zmluvn\u00e9 poistenie a havarijn\u00e9 poistenie<br \/>\u2022 Dia\u013eni\u010dn\u00e1 zn\u00e1mka na \u00fazem\u00ed SR<\/p>\n<p><strong>Tankovanie a \u010distenie vozidla:<\/strong><br \/>V pr\u00edpade ukon\u010denia n\u00e1jmu je N\u00e1jomca povinn\u00fd vr\u00e1ti\u0165 vozidlo v\u010das, riadne doplni\u0165 palivo do stavu v akom ho prevzal pod\u013ea Protokolu. V pr\u00edpade, \u017ee N\u00e1jomca vr\u00e1ti vozidlo s ni\u017e\u0161\u00edm stavom pohonn\u00fdch hm\u00f4t ako ho prevzal, bude mu \u00fa\u010dtovan\u00e1 predpokladan\u00e1 v\u00fd\u0161ka ch\u00fdbaj\u00faceho PHM.<br \/>Pri po\u0161koden\u00ed alebo nadmernom zne\u010disten\u00ed exteri\u00e9ru alebo interi\u00e9ru vozidla, nezodpovedaj\u00facemu be\u017en\u00e9mu pou\u017e\u00edvaniu, m\u00f4\u017ee Prenaj\u00edmate\u013e po\u017eadova\u0165 n\u00e1hradu n\u00e1kladov spojen\u00fdch s \u010disten\u00edm vo v\u00fd\u0161ke stanovenej v cenn\u00edku Prenaj\u00edmate\u013ea.<br \/>Vozidlo je nefaj\u010diarske. V pr\u00edpade poru\u0161enia z\u00e1kazu faj\u010denia je N\u00e1jomca povinn\u00fd uhradi\u0165 Prenaj\u00edmate\u013eovi zmluvn\u00fa pokutu vo v\u00fd\u0161ke 200 EUR ako aj n\u00e1hradu n\u00e1kladov vynalo\u017een\u00fdch na vy\u010distenie vozidla pod\u013ea cenn\u00edka.<\/p>\n<p><strong>Zodpovednos\u0165 N\u00e1jomcu za \u0161kodu, povinnosti N\u00e1jomcu:<\/strong><br \/>Pri vzniku \u0161kody, na ktor\u00fa sa vz\u0165ahuje poistenie Prenaj\u00edmate\u013ea, pri\u010dom vyplaten\u00e9 poistn\u00e9 plnenie nepokryje cel\u00fa v\u00fd\u0161ku \u0161kody, je N\u00e1jomca povinn\u00fd uhradi\u0165 Prenaj\u00edmate\u013eovi spolu\u00fa\u010das\u0165 vo v\u00fd\u0161ke rozdielu medzi sp\u00f4sobenou \u0161kodou a plnen\u00edm pois\u0165ovne vr\u00e1tane u\u0161l\u00e9ho zisku za dobu, kedy vozidlo nebude mo\u017en\u00e9 u\u017e\u00edva\u0165.<br \/>Pri vzniku \u0161kody, na ktor\u00fa sa nevz\u0165ahuje poistenie Prenaj\u00edmate\u013ea, je N\u00e1jomca povinn\u00fd Prenaj\u00edmate\u013eovi tak\u00fato \u0161kodu nahradi\u0165 v plnom rozsahu vr\u00e1tane u\u0161l\u00e9ho zisku za dobu, kedy vozidlo nebude mo\u017en\u00e9 u\u017e\u00edva\u0165. T\u00e1to povinnos\u0165 N\u00e1jomcu sa vz\u0165ahuje aj na pr\u00edpad sp\u00f4sobenia \u0161kody na vozidle v d\u00f4sledku po\u017eitia alkoholick\u00fdch n\u00e1pojov alebo in\u00fdch omamn\u00fdch a psychotropn\u00fdch l\u00e1tok.<br \/>\u0160kodu na prenajatom vozidle je N\u00e1jomca povinn\u00fd v ka\u017edom pr\u00edpade dolo\u017ei\u0165 dokladom o hl\u00e1sen\u00ed \u0161kodovej udalosti pr\u00edslu\u0161n\u00e9mu oddeleniu Policajn\u00e9ho zboru SR. V pr\u00edpade neskor\u00e9ho nahl\u00e1senia nehody nesie N\u00e1jomca zodpovednos\u0165 za pr\u00edpadn\u00e9 \u0161kody, napr. regresn\u00fd n\u00e1rok pois\u0165ovne uplatnen\u00fd vo\u010di Prenaj\u00edmate\u013eovi.<br \/>V pr\u00edpade poistnej udalosti s vozidlom, hrad\u00ed N\u00e1jomca v\u0161etky n\u00e1klady spojen\u00e9 s odtiahnut\u00edm vozidla do miesta, ktor\u00e9 ur\u010d\u00ed Prenaj\u00edmate\u013e.<br \/>Na jednoduch\u00e9 po\u0161kodenia vozidla v n\u00e1jomnej dobe ako je napr. defekt, sa nevz\u0165ahuj\u00fa servisn\u00e9 \u00fakony Prenaj\u00edmate\u013ea, a N\u00e1jomca ich rie\u0161i s\u00e1m a na vlastn\u00e9 n\u00e1klady.<br \/>V pr\u00edpade autonehody, Prenaj\u00edmate\u013e nezn\u00e1\u0161a n\u00e1klady spojen\u00e9 s lie\u010den\u00edm pos\u00e1dky a \u0161of\u00e9ra vozidla.<br \/>Prenaj\u00edmate\u013e nezn\u00e1\u0161a n\u00e1klady sp\u00f4soben\u00e9 pri odcudzen\u00ed osobn\u00fdch vec\u00ed pos\u00e1dky (telef\u00f3n, bato\u017eina at\u010f.).<br \/>N\u00e1jomca nie je opr\u00e1vnen\u00fd pou\u017ei\u0165 vozidlo na cestu do kraj\u00edn mimo E\u00da alebo ho tam inak dopravi\u0165, pokia\u013e na to Prenaj\u00edmate\u013e neudel\u00ed svoj v\u00fdslovn\u00fd predch\u00e1dzaj\u00faci p\u00edsomn\u00fd s\u00fahlas.<br \/>N\u00e1jomca sa zav\u00e4zuje Prenaj\u00edmate\u013eovi zaplati\u0165 v\u0161etky pokuty a s\u00fadne v\u00fddavky s\u00favisiace s parkovan\u00edm, dopravn\u00fdmi priestupkami alebo in\u00fdmi spr\u00e1vnymi deliktmi ulo\u017een\u00e9 na dan\u00e9 vozidlo, nadobudnut\u00e9 v obdob\u00ed u\u017e\u00edvania prenajat\u00e9ho vozidla N\u00e1jomcom.<br \/>N\u00e1jomca je povinn\u00fd si samostatne uhradi\u0165 v\u0161etky in\u00e9 poplatky (okrem dia\u013eni\u010dnej zn\u00e1mky na Slovensku) ako s\u00fa, m\u00fdta, dia\u013eni\u010dn\u00e9 zn\u00e1mky \/ poplatky mimo Slovenskej republiky, pokuty a sankcie nadobudnut\u00e9 po\u010das doby n\u00e1jmu vozidla a podobne.<\/p>\n<p><strong>Zodpovednos\u0165 za vady a postup pri uplat\u0148ovan\u00ed pr\u00e1v zo zodpovednosti za vady:<\/strong><br \/>Manu\u00e1l k obsluhe vozidla sa nach\u00e1dza vo vozidle a je odovzdan\u00fd N\u00e1jomcovi spolu s vozidlom. Vzh\u013eadom na \u0161pecifickos\u0165 a rozsah poskytovanej slu\u017eby, pr\u00e1va zo zodpovednosti za vady slu\u017eieb si m\u00f4\u017ee N\u00e1jomca uplatni\u0165 telefonicky na t.\u010d.: +421915715961 alebo elektronicky (e-mailom) na adrese jan.gutten@blumeriaconsulting.sk alebo v ktorejko\u013evek prev\u00e1dzkarni Prenaj\u00edmate\u013ea, alebo u inej osoby, o ktorej Prenaj\u00edmate\u013e obozn\u00e1mil N\u00e1jomcu pred uzavret\u00edm Zmluvy alebo prostriedkami dia\u013ekovej komunik\u00e1cie na adrese s\u00eddla alebo miesta podnikania Prenaj\u00edmate\u013ea alebo na inej adrese, o ktorej Prenaj\u00edmate\u013e obozn\u00e1mil N\u00e1jomcu pri uzavret\u00ed Zmluvy alebo po uzavret\u00ed Zmluvy. Ak je predmetom reklam\u00e1cie vada slu\u017eby, ktor\u00fa je mo\u017en\u00e9 odstr\u00e1ni\u0165, m\u00e1 N\u00e1jomca pr\u00e1vo na bezplatn\u00e9 odstr\u00e1nenie vady. Prenaj\u00edmate\u013e je povinn\u00fd ka\u017ed\u00fa tak\u00fato vadu odstr\u00e1ni\u0165 v primeranej lehote, inak bez zbyto\u010dn\u00e9ho odkladu. N\u00e1jomca m\u00e1 pr\u00e1vo na odpustenie n\u00e1jomn\u00e9ho alebo na z\u013eavu z n\u00e1jomn\u00e9ho za dobu, po ktor\u00fa nemohol vozidlo pre jeho vadu riadne u\u017e\u00edva\u0165 bu\u010f v\u00f4bec, alebo len za s\u0165a\u017een\u00fdch podmienok. Pr\u00e1vo na odpustenie alebo na z\u013eavu z n\u00e1jomn\u00e9ho si mus\u00ed N\u00e1jomca uplatni\u0165 u Prenaj\u00edmate\u013ea najnesk\u00f4r do konca doby, na ktor\u00fa bol n\u00e1jom vozidla dojednan\u00fd. Ak vadu vozidla nemo\u017eno odstr\u00e1ni\u0165 alebo ak ju Prenaj\u00edmate\u013e neodstr\u00e1ni v primeranej lehote alebo ak sa vada na vozidle vyskytne po oprave op\u00e4tovne alebo vozidlo m\u00e1 v\u00e4\u010d\u0161\u00ed po\u010det v\u00e1d, preto ktor\u00e9 ho nemo\u017eno riadne u\u017e\u00edva\u0165, m\u00e1 N\u00e1jomca pr\u00e1vo na odst\u00fapenie od Zmluvy. N\u00e1jomca m\u00e1 pr\u00e1vo odst\u00fapi\u0165 od Zmluvy aj vtedy, ak ho Prenaj\u00edmate\u013e v\u00fdslovne ubezpe\u010dil, \u017ee vozidlo m\u00e1 ur\u010dit\u00e9 vlastnosti, najm\u00e4 vlastnosti vymienen\u00e9 N\u00e1jomcom, alebo \u017ee vozidlo nem\u00e1 \u017eiadne vady, a toto ubezpe\u010denie sa uk\u00e1\u017ee nepravdiv\u00fdm. Podrobnosti o zodpovednosti Prenaj\u00edmate\u013ea za vady slu\u017eby upravuje \u00a7499 &#8211; \u00a7510 a \u00a7721 Ob\u010dianskeho z\u00e1konn\u00edka. Nako\u013eko Prenaj\u00edmate\u013e disponuje len 1 vozidlom, ktor\u00e9 prenaj\u00edma, nie je mo\u017en\u00e9 N\u00e1jomcovi poskytn\u00fa\u0165 n\u00e1hradn\u00e9 vozidlo, tzn. \u017ee sa neuplatn\u00ed prv\u00e1 veta \u00a7721 Ob\u010dianskeho z\u00e1konn\u00edka.. Vzniknut\u00e9 po\u0161kodenie, stratu alebo zni\u010denie vozidla je N\u00e1jomca povinn\u00fd ohl\u00e1si\u0165 Prenaj\u00edmate\u013eovi bez zbyto\u010dn\u00e9ho odkladu.<\/p>\n<p><strong>Alternat\u00edvne rie\u0161enie sporov platn\u00e9 pre spotrebite\u013eov<\/strong><br \/>N\u00e1jomca m\u00e1 pr\u00e1vo poda\u0165 Prenaj\u00edmate\u013eovi \u017eiados\u0165 o n\u00e1pravu, ak medzi N\u00e1jomcom a Prenaj\u00edmate\u013eom vznikne spor z uplatnenia pr\u00e1v zo zodpovednosti za vady alebo ak sa N\u00e1jomca domnieva, \u017ee Prenaj\u00edmate\u013e poru\u0161il in\u00e9 pr\u00e1va N\u00e1jomcu.<br \/>Prenaj\u00edmate\u013e informuje N\u00e1jomcu na trvanlivom m\u00e9diu o pr\u00edslu\u0161n\u00fdch subjektoch alternat\u00edvneho rie\u0161enia sporov, ak Prenaj\u00edmate\u013e odpovedal zamietavo na \u017eiados\u0165 pod\u013ea predch\u00e1dzaj\u00faceho bodu.<br \/>Ak Prenaj\u00edmate\u013e na \u017eiados\u0165 N\u00e1jomcu neodpovie ani do 30 dn\u00ed od jej odoslania alebo odpovie zamietavo, N\u00e1jomca m\u00e1 v s\u00falade so z\u00e1konom \u010d\u00edslo 391\/2015 Z. z. o alternat\u00edvnom rie\u0161en\u00ed spotrebite\u013esk\u00fdch sporov v znen\u00ed neskor\u0161\u00edch predpisov pr\u00e1vo poda\u0165 subjektu alternat\u00edvneho rie\u0161enia sporov n\u00e1vrh na za\u010datie alternat\u00edvneho rie\u0161enia sporu. Zoznam subjektov alternat\u00edvneho rie\u0161enia sporov spr\u00edstup\u0148uje na svojom webovom s\u00eddle Ministerstvo hospod\u00e1rstva Slovenskej republiky. Na webovom s\u00eddle Ministerstva hospod\u00e1rstva Slovenskej republiky (https:\/\/www.mhsr.sk\/obchod\/ochrana-spotrebitela\/alternativne-riesenie-spotrebitelskych-sporov-1\/zoznam-subjektov-alternativneho-riesenia-spotrebitelskych-sporov-1 ) s\u00fa uveden\u00e9 aj bli\u017e\u0161ie inform\u00e1cie o pr\u00edslu\u0161nom subjekte alternat\u00edvneho rie\u0161enia sporov a o podmienkach, na z\u00e1klade ktor\u00fdch sa na tento subjekt m\u00f4\u017ee N\u00e1jomca obr\u00e1ti\u0165.<\/p>\n<p>[\/et_pb_text][\/et_pb_column][\/et_pb_row][\/et_pb_section]<\/p>\n","protected":false},"excerpt":{"rendered":"<p>Podmienky pren\u00e1jmu osobn\u00e9ho motorov\u00e9ho vozidla Ford Tourneo Custom Inform\u00e1cia pre Z\u00e1kazn\u00edka (fyzick\u00e9 osoby nepodnikatelia) Obchodn\u00e9 meno Prenaj\u00edmate\u013ea: Blumeria consulting s.r.o.S\u00eddlo Prenaj\u00edmate\u013ea: \u013d. Ok\u00e1nika 590\/4, Nitra 949 01I\u010cO Prenaj\u00edmate\u013ea: 46 989 617Tel. kontakt: 0907\/504 059e-mailov\u00e1 adresa: eva.guttenova@blumeriaconsulting.sk V\u0161eobecn\u00e9 ustanovenia:Spolo\u010dnos\u0165 Blumeria consulting s.r.o. pon\u00faka kr\u00e1tkodob\u00fd aj dlhodob\u00fd pren\u00e1jom 8-miestneho vozidla Ford Tourneo Custom, a to na z\u00e1klade [&hellip;]<\/p>\n","protected":false},"author":1,"featured_media":0,"parent":0,"menu_order":0,"comment_status":"closed","ping_status":"closed","template":"","meta":{"_et_pb_use_builder":"on","_et_pb_old_content":"<!-- wp:divi\/placeholder \/-->","_et_gb_content_width":"","footnotes":""},"class_list":["post-6046","page","type-page","status-publish","hentry"],"yoast_head":"<!-- This site is optimized with the Yoast SEO plugin v27.4 - https:\/\/yoast.com\/product\/yoast-seo-wordpress\/ -->\n<title>Inform\u00e1cie pre spotrebite\u013ea - Blumeria consulting s.r.o.<\/title>\n<meta name=\"description\" content=\"Inform\u00e1cie pre spotrebite\u013ea\" \/>\n<meta name=\"robots\" content=\"index, follow, max-snippet:-1, max-image-preview:large, max-video-preview:-1\" \/>\n<link rel=\"canonical\" href=\"https:\/\/www.blumeriaconsulting.sk\/de\/informacie-pre-spotrebitela\/\" \/>\n<meta property=\"og:locale\" content=\"de_DE\" \/>\n<meta property=\"og:type\" content=\"article\" \/>\n<meta property=\"og:title\" content=\"Inform\u00e1cie pre spotrebite\u013ea - Blumeria consulting s.r.o.\" \/>\n<meta property=\"og:description\" content=\"Inform\u00e1cie pre spotrebite\u013ea\" \/>\n<meta property=\"og:url\" content=\"https:\/\/www.blumeriaconsulting.sk\/de\/informacie-pre-spotrebitela\/\" \/>\n<meta property=\"og:site_name\" content=\"Blumeria consulting s.r.o.\" \/>\n<meta property=\"article:modified_time\" content=\"2025-01-24T12:43:48+00:00\" \/>\n<meta name=\"twitter:card\" content=\"summary_large_image\" \/>\n<script type=\"application\/ld+json\" class=\"yoast-schema-graph\">{\"@context\":\"https:\\\/\\\/schema.org\",\"@graph\":[{\"@type\":\"WebPage\",\"@id\":\"https:\\\/\\\/www.blumeriaconsulting.sk\\\/de\\\/informacie-pre-spotrebitela\\\/\",\"url\":\"https:\\\/\\\/www.blumeriaconsulting.sk\\\/de\\\/informacie-pre-spotrebitela\\\/\",\"name\":\"Inform\u00e1cie pre spotrebite\u013ea - Blumeria consulting s.r.o.\",\"isPartOf\":{\"@id\":\"https:\\\/\\\/www.blumeriaconsulting.sk\\\/de\\\/#website\"},\"datePublished\":\"2024-01-28T18:32:56+00:00\",\"dateModified\":\"2025-01-24T12:43:48+00:00\",\"description\":\"Inform\u00e1cie pre spotrebite\u013ea\",\"breadcrumb\":{\"@id\":\"https:\\\/\\\/www.blumeriaconsulting.sk\\\/de\\\/informacie-pre-spotrebitela\\\/#breadcrumb\"},\"inLanguage\":\"de\",\"potentialAction\":[{\"@type\":\"ReadAction\",\"target\":[\"https:\\\/\\\/www.blumeriaconsulting.sk\\\/de\\\/informacie-pre-spotrebitela\\\/\"]}]},{\"@type\":\"BreadcrumbList\",\"@id\":\"https:\\\/\\\/www.blumeriaconsulting.sk\\\/de\\\/informacie-pre-spotrebitela\\\/#breadcrumb\",\"itemListElement\":[{\"@type\":\"ListItem\",\"position\":1,\"name\":\"Domovsk\u00e1 str\u00e1nka\",\"item\":\"https:\\\/\\\/www.blumeriaconsulting.sk\\\/de\\\/\"},{\"@type\":\"ListItem\",\"position\":2,\"name\":\"Inform\u00e1cie pre spotrebite\u013ea\"}]},{\"@type\":\"WebSite\",\"@id\":\"https:\\\/\\\/www.blumeriaconsulting.sk\\\/de\\\/#website\",\"url\":\"https:\\\/\\\/www.blumeriaconsulting.sk\\\/de\\\/\",\"name\":\"Blumeria consulting s.r.o.\",\"description\":\"za pokus to stoj\u00ed...\",\"potentialAction\":[{\"@type\":\"SearchAction\",\"target\":{\"@type\":\"EntryPoint\",\"urlTemplate\":\"https:\\\/\\\/www.blumeriaconsulting.sk\\\/de\\\/?s={search_term_string}\"},\"query-input\":{\"@type\":\"PropertyValueSpecification\",\"valueRequired\":true,\"valueName\":\"search_term_string\"}}],\"inLanguage\":\"de\"}]}<\/script>\n<!-- \/ Yoast SEO plugin. -->","yoast_head_json":{"title":"Inform\u00e1cie pre spotrebite\u013ea - Blumeria consulting s.r.o.","description":"Inform\u00e1cie pre spotrebite\u013ea","robots":{"index":"index","follow":"follow","max-snippet":"max-snippet:-1","max-image-preview":"max-image-preview:large","max-video-preview":"max-video-preview:-1"},"canonical":"https:\/\/www.blumeriaconsulting.sk\/de\/informacie-pre-spotrebitela\/","og_locale":"de_DE","og_type":"article","og_title":"Inform\u00e1cie pre spotrebite\u013ea - Blumeria consulting s.r.o.","og_description":"Inform\u00e1cie pre spotrebite\u013ea","og_url":"https:\/\/www.blumeriaconsulting.sk\/de\/informacie-pre-spotrebitela\/","og_site_name":"Blumeria consulting s.r.o.","article_modified_time":"2025-01-24T12:43:48+00:00","twitter_card":"summary_large_image","schema":{"@context":"https:\/\/schema.org","@graph":[{"@type":"WebPage","@id":"https:\/\/www.blumeriaconsulting.sk\/de\/informacie-pre-spotrebitela\/","url":"https:\/\/www.blumeriaconsulting.sk\/de\/informacie-pre-spotrebitela\/","name":"Inform\u00e1cie pre spotrebite\u013ea - Blumeria consulting s.r.o.","isPartOf":{"@id":"https:\/\/www.blumeriaconsulting.sk\/de\/#website"},"datePublished":"2024-01-28T18:32:56+00:00","dateModified":"2025-01-24T12:43:48+00:00","description":"Inform\u00e1cie pre spotrebite\u013ea","breadcrumb":{"@id":"https:\/\/www.blumeriaconsulting.sk\/de\/informacie-pre-spotrebitela\/#breadcrumb"},"inLanguage":"de","potentialAction":[{"@type":"ReadAction","target":["https:\/\/www.blumeriaconsulting.sk\/de\/informacie-pre-spotrebitela\/"]}]},{"@type":"BreadcrumbList","@id":"https:\/\/www.blumeriaconsulting.sk\/de\/informacie-pre-spotrebitela\/#breadcrumb","itemListElement":[{"@type":"ListItem","position":1,"name":"Domovsk\u00e1 str\u00e1nka","item":"https:\/\/www.blumeriaconsulting.sk\/de\/"},{"@type":"ListItem","position":2,"name":"Inform\u00e1cie pre spotrebite\u013ea"}]},{"@type":"WebSite","@id":"https:\/\/www.blumeriaconsulting.sk\/de\/#website","url":"https:\/\/www.blumeriaconsulting.sk\/de\/","name":"Blumeria consulting s.r.o.","description":"za pokus to stoj\u00ed...","potentialAction":[{"@type":"SearchAction","target":{"@type":"EntryPoint","urlTemplate":"https:\/\/www.blumeriaconsulting.sk\/de\/?s={search_term_string}"},"query-input":{"@type":"PropertyValueSpecification","valueRequired":true,"valueName":"search_term_string"}}],"inLanguage":"de"}]}},"_links":{"self":[{"href":"https:\/\/www.blumeriaconsulting.sk\/de\/wp-json\/wp\/v2\/pages\/6046","targetHints":{"allow":["GET"]}}],"collection":[{"href":"https:\/\/www.blumeriaconsulting.sk\/de\/wp-json\/wp\/v2\/pages"}],"about":[{"href":"https:\/\/www.blumeriaconsulting.sk\/de\/wp-json\/wp\/v2\/types\/page"}],"author":[{"embeddable":true,"href":"https:\/\/www.blumeriaconsulting.sk\/de\/wp-json\/wp\/v2\/users\/1"}],"replies":[{"embeddable":true,"href":"https:\/\/www.blumeriaconsulting.sk\/de\/wp-json\/wp\/v2\/comments?post=6046"}],"version-history":[{"count":7,"href":"https:\/\/www.blumeriaconsulting.sk\/de\/wp-json\/wp\/v2\/pages\/6046\/revisions"}],"predecessor-version":[{"id":7292,"href":"https:\/\/www.blumeriaconsulting.sk\/de\/wp-json\/wp\/v2\/pages\/6046\/revisions\/7292"}],"wp:attachment":[{"href":"https:\/\/www.blumeriaconsulting.sk\/de\/wp-json\/wp\/v2\/media?parent=6046"}],"curies":[{"name":"wp","href":"https:\/\/api.w.org\/{rel}","templated":true}]}}