{"id":6455,"date":"2024-05-02T21:06:54","date_gmt":"2024-05-02T19:06:54","guid":{"rendered":"https:\/\/www.blumeriaconsulting.sk\/profesionalne-pokusnictvo\/"},"modified":"2024-05-02T21:20:57","modified_gmt":"2024-05-02T19:20:57","slug":"profesionalne-pokusnictvo","status":"publish","type":"page","link":"https:\/\/www.blumeriaconsulting.sk\/de\/profesionalne-pokusnictvo\/","title":{"rendered":"Professionelles Experimentieren"},"content":{"rendered":"<p>[et_pb_section fb_built=&#8220;1&#8243; _builder_version=&#8220;4.24.0&#8243; _module_preset=&#8220;default&#8220; custom_margin=&#8220;0px||||false|false&#8220; custom_padding=&#8220;0px||0px||true|false&#8220; global_colors_info=&#8220;{}&#8220;][et_pb_row use_custom_gutter=&#8220;on&#8220; gutter_width=&#8220;1&#8243; _builder_version=&#8220;4.24.0&#8243; _module_preset=&#8220;default&#8220; width=&#8220;100%&#8220; module_alignment=&#8220;center&#8220; custom_margin=&#8220;0px||||false|false&#8220; custom_padding=&#8220;0px||||false|false&#8220; global_colors_info=&#8220;{}&#8220;][et_pb_column type=&#8220;4_4&#8243; _builder_version=&#8220;4.24.0&#8243; _module_preset=&#8220;default&#8220; global_colors_info=&#8220;{}&#8220;][et_pb_slider use_bg_overlay=&#8220;on&#8220; _builder_version=&#8220;4.25.0&#8243; _module_preset=&#8220;default&#8220; header_level=&#8220;h1&#8243; header_font=&#8220;Titillium Web|700|||||||&#8220; body_font=&#8220;Titillium Web||||||||&#8220; hover_enabled=&#8220;0&#8243; global_colors_info=&#8220;{}&#8220; sticky_enabled=&#8220;0&#8243;][et_pb_slide heading=&#8220;Professionelle Erprobung &#8211; Erprobung, Beratung, Konsultation&#8220; _builder_version=&#8220;4.25.0&#8243; _module_preset=&#8220;default&#8220; background_image=&#8220;https:\/\/www.blumeriaconsulting.sk\/wp-content\/uploads\/2024\/02\/blumeria-pokusnictvo1.jpg&#8220; background_enable_image=&#8220;on&#8220; hover_enabled=&#8220;0&#8243; global_colors_info=&#8220;{}&#8220; sticky_transition=&#8220;on&#8220; sticky_enabled=&#8220;0&#8243;]<\/p>\n<p>Die Qualit\u00e4t der gew\u00e4hrten Dienstleistungen ist durch professionelles Handeln, h\u00f6chste Fachqualifizierung und Erfahrungen von unseren fachlichen Garanten gew\u00e4hrleistet. Die Kompetenz der Pr\u00fcfeinrichtung, die Versuche unparteiisch und glaubw\u00fcrdig nach den Grunds\u00e4tzen der guten experimentellen Praxis durchzuf\u00fchren, wird durch das beigef\u00fcgte GEP-Zertifikat dokumentiert.<\/p>\n<p>[\/et_pb_slide][\/et_pb_slider][et_pb_text _builder_version=&#8220;4.25.0&#8243; _module_preset=&#8220;default&#8220; text_font=&#8220;Titillium Web||||||||&#8220; text_text_color=&#8220;#2d2d2d&#8220; header_font=&#8220;Titillium Web|600|||||||&#8220; width=&#8220;90%&#8220; module_alignment=&#8220;center&#8220; custom_padding=&#8220;80px|100px||100px|false|false&#8220; hover_enabled=&#8220;0&#8243; global_colors_info=&#8220;{}&#8220; sticky_enabled=&#8220;0&#8243;]<\/p>\n<p><strong>Kontroll- und DEMO-Versuche<\/strong><\/p>\n<p>\u2022 Durchf\u00fchrung von Versuchen nach den EPPO-Methoden oder nach den Anforderungen des Kunden<br \/>\u2022 Pr\u00fcfung von Fungizidschutzsystemen f\u00fcr Kulturen<br \/>\u2022 Spezielle Laborversuche auf der Ebene der Pr\u00fcfung eines bestimmten Krankheitserregers<br \/>\u2022 Mitarbeit und fachliche Begleitung bei der Durchf\u00fchrung von Fungizid-Demonstrationsversuchen &#8211; Feldtage, Pr\u00e4sentationsversuche, DEMO-Versuche, Sortenversuche<\/p>\n<p><strong>Autorisierte Versuche<\/strong><\/p>\n<p>Die Arbeitsstelle ist f\u00e4hig die Pr\u00fcfungen der biologischen Wirkung der Pflanzenschutzmittel im Sinne der GEP-Zertifikat Nr. 04\/C-05\/2020 (ver\u00f6ffentlicht auf <span><a href=\"http:\/\/www.uksup.sk\">www.uksup.sk<\/a><\/span>) f\u00fcr nachfolgende Pflanzen und POR-Gruppen durchzuf\u00fchren:<\/p>\n<p>Feldfr\u00fcchte<br \/>(Getreide, Mais, H\u00fclsenfr\u00fcchte, \u00d6lpflanzen, Hackfr\u00fcchte, technisch genutzte Pflanzen, Futterpflanzen):<br \/>\u2022 Fungizide<br \/>\u2022 Biozide<br \/>\u2022 Wachstumsregulatoren<br \/>\u2022 Phytotoxizit\u00e4t<br \/>Gem\u00fcse, W\u00fcrzkr\u00e4uter und Heilpflanzen:<br \/>\u2022 Fungizide<br \/>\u2022 Biozide<br \/>\u2022 Phytotoxizit\u00e4t<br \/>Weinstock, Obst und Unterlagen<br \/>\u2022 Fungizide<br \/>\u2022 Biozide<br \/>\u2022 Phytotoxizit\u00e4t<\/p>\n<p><strong>Konsultationst\u00e4tigkeit und Beratung<\/strong><\/p>\n<p>\u2022 Feld und Labordiagnose von Schaderregern<br \/>\u2022 Bestimmung der Resistenz von Krankheitserregern gegen Fungizide<br \/>\u2022 Bewertung der Wirksamkeit des Pflanzenschutzes, Beurteilung von Ertrags- und Qualit\u00e4tsverlusten in der Produktion<br \/>\u2022 Beratung zum Pflanzenschutz gegen Krankheiten<br \/>\u2022 Fachvortr\u00e4ge<br \/>\u2022 Fachschulungen, Seminare, Vortr\u00e4ge zum Pflanzenschutz<br \/>\u2022 Fachausbildung und Beratung f\u00fcr Berufsanf\u00e4nger in Pflanzenschutzbetrieben<br \/>\u2022 Bewertung von Fachtexten, Katalogen, Merkbl\u00e4ttern, Publikationen<br \/>\u2022 Publikationst\u00e4tigkeit, Begutachtung von wissenschaftlichen und fachlichen Ver\u00f6ffentlichungen<br \/>\u2022 Organisation von Fachveranstaltungen mit dem Schwerpunkt Pflanzenschutz<\/p>\n<p>[\/et_pb_text][\/et_pb_column][\/et_pb_row][\/et_pb_section]<\/p>\n","protected":false},"excerpt":{"rendered":"<p>Die Qualit\u00e4t der gew\u00e4hrten Dienstleistungen ist durch professionelles Handeln, h\u00f6chste Fachqualifizierung und Erfahrungen von unseren fachlichen Garanten gew\u00e4hrleistet. Die Kompetenz der Pr\u00fcfeinrichtung, die Versuche unparteiisch und glaubw\u00fcrdig nach den Grunds\u00e4tzen der guten experimentellen Praxis durchzuf\u00fchren, wird durch das beigef\u00fcgte GEP-Zertifikat dokumentiert.Kontroll- und DEMO-Versuche \u2022 Durchf\u00fchrung von Versuchen nach den EPPO-Methoden oder nach den Anforderungen des [&hellip;]<\/p>\n","protected":false},"author":1,"featured_media":0,"parent":0,"menu_order":0,"comment_status":"closed","ping_status":"closed","template":"","meta":{"_et_pb_use_builder":"on","_et_pb_old_content":"","_et_gb_content_width":"","footnotes":""},"class_list":["post-6455","page","type-page","status-publish","hentry"],"yoast_head":"<!-- This site is optimized with the Yoast SEO plugin v27.4 - https:\/\/yoast.com\/product\/yoast-seo-wordpress\/ -->\n<title>Professionelles Experimentieren - Blumeria consulting s.r.o.<\/title>\n<meta name=\"description\" content=\"Die Qualit\u00e4t der gew\u00e4hrten Dienstleistungen ist durch professionelles Handeln, h\u00f6chste Fachqualifizierung und Erfahrungen von unseren fachlichen Garanten gew\u00e4hrleistet.\" \/>\n<meta name=\"robots\" content=\"index, follow, max-snippet:-1, max-image-preview:large, max-video-preview:-1\" \/>\n<link rel=\"canonical\" href=\"https:\/\/www.blumeriaconsulting.sk\/de\/profesionalne-pokusnictvo\/\" \/>\n<meta property=\"og:locale\" content=\"de_DE\" \/>\n<meta property=\"og:type\" content=\"article\" \/>\n<meta property=\"og:title\" content=\"Professionelles Experimentieren - Blumeria consulting s.r.o.\" \/>\n<meta property=\"og:description\" content=\"Die Qualit\u00e4t der gew\u00e4hrten Dienstleistungen ist durch professionelles Handeln, h\u00f6chste Fachqualifizierung und Erfahrungen von unseren fachlichen Garanten gew\u00e4hrleistet.\" \/>\n<meta property=\"og:url\" content=\"https:\/\/www.blumeriaconsulting.sk\/de\/profesionalne-pokusnictvo\/\" \/>\n<meta property=\"og:site_name\" content=\"Blumeria consulting s.r.o.\" \/>\n<meta property=\"article:modified_time\" content=\"2024-05-02T19:20:57+00:00\" \/>\n<meta name=\"twitter:card\" content=\"summary_large_image\" \/>\n<meta name=\"twitter:label1\" content=\"Gesch\u00e4tzte Lesezeit\" \/>\n\t<meta name=\"twitter:data1\" content=\"2\u00a0Minuten\" \/>\n<script type=\"application\/ld+json\" class=\"yoast-schema-graph\">{\"@context\":\"https:\\\/\\\/schema.org\",\"@graph\":[{\"@type\":\"WebPage\",\"@id\":\"https:\\\/\\\/www.blumeriaconsulting.sk\\\/de\\\/profesionalne-pokusnictvo\\\/\",\"url\":\"https:\\\/\\\/www.blumeriaconsulting.sk\\\/de\\\/profesionalne-pokusnictvo\\\/\",\"name\":\"Professionelles Experimentieren - Blumeria consulting s.r.o.\",\"isPartOf\":{\"@id\":\"https:\\\/\\\/www.blumeriaconsulting.sk\\\/de\\\/#website\"},\"datePublished\":\"2024-05-02T19:06:54+00:00\",\"dateModified\":\"2024-05-02T19:20:57+00:00\",\"description\":\"Die Qualit\u00e4t der gew\u00e4hrten Dienstleistungen ist durch professionelles Handeln, h\u00f6chste Fachqualifizierung und Erfahrungen von unseren fachlichen Garanten gew\u00e4hrleistet.\",\"breadcrumb\":{\"@id\":\"https:\\\/\\\/www.blumeriaconsulting.sk\\\/de\\\/profesionalne-pokusnictvo\\\/#breadcrumb\"},\"inLanguage\":\"de\",\"potentialAction\":[{\"@type\":\"ReadAction\",\"target\":[\"https:\\\/\\\/www.blumeriaconsulting.sk\\\/de\\\/profesionalne-pokusnictvo\\\/\"]}]},{\"@type\":\"BreadcrumbList\",\"@id\":\"https:\\\/\\\/www.blumeriaconsulting.sk\\\/de\\\/profesionalne-pokusnictvo\\\/#breadcrumb\",\"itemListElement\":[{\"@type\":\"ListItem\",\"position\":1,\"name\":\"Domovsk\u00e1 str\u00e1nka\",\"item\":\"https:\\\/\\\/www.blumeriaconsulting.sk\\\/de\\\/\"},{\"@type\":\"ListItem\",\"position\":2,\"name\":\"Professionelles Experimentieren\"}]},{\"@type\":\"WebSite\",\"@id\":\"https:\\\/\\\/www.blumeriaconsulting.sk\\\/de\\\/#website\",\"url\":\"https:\\\/\\\/www.blumeriaconsulting.sk\\\/de\\\/\",\"name\":\"Blumeria consulting s.r.o.\",\"description\":\"za pokus to stoj\u00ed...\",\"potentialAction\":[{\"@type\":\"SearchAction\",\"target\":{\"@type\":\"EntryPoint\",\"urlTemplate\":\"https:\\\/\\\/www.blumeriaconsulting.sk\\\/de\\\/?s={search_term_string}\"},\"query-input\":{\"@type\":\"PropertyValueSpecification\",\"valueRequired\":true,\"valueName\":\"search_term_string\"}}],\"inLanguage\":\"de\"}]}<\/script>\n<!-- \/ Yoast SEO plugin. -->","yoast_head_json":{"title":"Professionelles Experimentieren - Blumeria consulting s.r.o.","description":"Die Qualit\u00e4t der gew\u00e4hrten Dienstleistungen ist durch professionelles Handeln, h\u00f6chste Fachqualifizierung und Erfahrungen von unseren fachlichen Garanten gew\u00e4hrleistet.","robots":{"index":"index","follow":"follow","max-snippet":"max-snippet:-1","max-image-preview":"max-image-preview:large","max-video-preview":"max-video-preview:-1"},"canonical":"https:\/\/www.blumeriaconsulting.sk\/de\/profesionalne-pokusnictvo\/","og_locale":"de_DE","og_type":"article","og_title":"Professionelles Experimentieren - Blumeria consulting s.r.o.","og_description":"Die Qualit\u00e4t der gew\u00e4hrten Dienstleistungen ist durch professionelles Handeln, h\u00f6chste Fachqualifizierung und Erfahrungen von unseren fachlichen Garanten gew\u00e4hrleistet.","og_url":"https:\/\/www.blumeriaconsulting.sk\/de\/profesionalne-pokusnictvo\/","og_site_name":"Blumeria consulting s.r.o.","article_modified_time":"2024-05-02T19:20:57+00:00","twitter_card":"summary_large_image","twitter_misc":{"Gesch\u00e4tzte Lesezeit":"2\u00a0Minuten"},"schema":{"@context":"https:\/\/schema.org","@graph":[{"@type":"WebPage","@id":"https:\/\/www.blumeriaconsulting.sk\/de\/profesionalne-pokusnictvo\/","url":"https:\/\/www.blumeriaconsulting.sk\/de\/profesionalne-pokusnictvo\/","name":"Professionelles Experimentieren - Blumeria consulting s.r.o.","isPartOf":{"@id":"https:\/\/www.blumeriaconsulting.sk\/de\/#website"},"datePublished":"2024-05-02T19:06:54+00:00","dateModified":"2024-05-02T19:20:57+00:00","description":"Die Qualit\u00e4t der gew\u00e4hrten Dienstleistungen ist durch professionelles Handeln, h\u00f6chste Fachqualifizierung und Erfahrungen von unseren fachlichen Garanten gew\u00e4hrleistet.","breadcrumb":{"@id":"https:\/\/www.blumeriaconsulting.sk\/de\/profesionalne-pokusnictvo\/#breadcrumb"},"inLanguage":"de","potentialAction":[{"@type":"ReadAction","target":["https:\/\/www.blumeriaconsulting.sk\/de\/profesionalne-pokusnictvo\/"]}]},{"@type":"BreadcrumbList","@id":"https:\/\/www.blumeriaconsulting.sk\/de\/profesionalne-pokusnictvo\/#breadcrumb","itemListElement":[{"@type":"ListItem","position":1,"name":"Domovsk\u00e1 str\u00e1nka","item":"https:\/\/www.blumeriaconsulting.sk\/de\/"},{"@type":"ListItem","position":2,"name":"Professionelles Experimentieren"}]},{"@type":"WebSite","@id":"https:\/\/www.blumeriaconsulting.sk\/de\/#website","url":"https:\/\/www.blumeriaconsulting.sk\/de\/","name":"Blumeria consulting s.r.o.","description":"za pokus to stoj\u00ed...","potentialAction":[{"@type":"SearchAction","target":{"@type":"EntryPoint","urlTemplate":"https:\/\/www.blumeriaconsulting.sk\/de\/?s={search_term_string}"},"query-input":{"@type":"PropertyValueSpecification","valueRequired":true,"valueName":"search_term_string"}}],"inLanguage":"de"}]}},"_links":{"self":[{"href":"https:\/\/www.blumeriaconsulting.sk\/de\/wp-json\/wp\/v2\/pages\/6455","targetHints":{"allow":["GET"]}}],"collection":[{"href":"https:\/\/www.blumeriaconsulting.sk\/de\/wp-json\/wp\/v2\/pages"}],"about":[{"href":"https:\/\/www.blumeriaconsulting.sk\/de\/wp-json\/wp\/v2\/types\/page"}],"author":[{"embeddable":true,"href":"https:\/\/www.blumeriaconsulting.sk\/de\/wp-json\/wp\/v2\/users\/1"}],"replies":[{"embeddable":true,"href":"https:\/\/www.blumeriaconsulting.sk\/de\/wp-json\/wp\/v2\/comments?post=6455"}],"version-history":[{"count":2,"href":"https:\/\/www.blumeriaconsulting.sk\/de\/wp-json\/wp\/v2\/pages\/6455\/revisions"}],"predecessor-version":[{"id":6463,"href":"https:\/\/www.blumeriaconsulting.sk\/de\/wp-json\/wp\/v2\/pages\/6455\/revisions\/6463"}],"wp:attachment":[{"href":"https:\/\/www.blumeriaconsulting.sk\/de\/wp-json\/wp\/v2\/media?parent=6455"}],"curies":[{"name":"wp","href":"https:\/\/api.w.org\/{rel}","templated":true}]}}