{"id":6054,"date":"2024-01-28T19:34:06","date_gmt":"2024-01-28T18:34:06","guid":{"rendered":"https:\/\/www.blumeriaconsulting.sk\/?page_id=6054"},"modified":"2025-03-10T14:36:43","modified_gmt":"2025-03-10T13:36:43","slug":"alternativne-riesenie-spotrebitelskych-sporov","status":"publish","type":"page","link":"https:\/\/www.blumeriaconsulting.sk\/en\/alternativne-riesenie-spotrebitelskych-sporov\/","title":{"rendered":"Alternat\u00edvne rie\u0161enie spotrebite\u013esk\u00fdch sporov"},"content":{"rendered":"<p>[et_pb_section fb_built=&#8221;1&#8243; _builder_version=&#8221;4.24.0&#8243; _module_preset=&#8221;default&#8221; custom_margin_tablet=&#8221;&#8221; custom_margin_phone=&#8221;0px||||false|false&#8221; custom_margin_last_edited=&#8221;on|desktop&#8221; custom_padding=&#8221;0px||||false|false&#8221; global_colors_info=&#8221;{}&#8221;][et_pb_row _builder_version=&#8221;4.27.4&#8243; _module_preset=&#8221;default&#8221; width_tablet=&#8221;90%&#8221; width_phone=&#8221;auto&#8221; width_last_edited=&#8221;on|phone&#8221; custom_margin_tablet=&#8221;&#8221; custom_margin_phone=&#8221;&#8221; custom_margin_last_edited=&#8221;on|tablet&#8221; custom_padding=&#8221;50px|30px||30px|false|true&#8221; hover_enabled=&#8221;0&#8243; box_shadow_style=&#8221;preset1&#8243; global_colors_info=&#8221;{}&#8221; sticky_enabled=&#8221;0&#8243; custom_margin=&#8221;50px||||false|false&#8221;][et_pb_column type=&#8221;4_4&#8243; _builder_version=&#8221;4.24.0&#8243; _module_preset=&#8221;default&#8221; global_colors_info=&#8221;{}&#8221;][et_pb_text _builder_version=&#8221;4.27.4&#8243; _module_preset=&#8221;default&#8221; hover_enabled=&#8221;0&#8243; global_colors_info=&#8221;{}&#8221; sticky_enabled=&#8221;0&#8243;]<\/p>\n<p><strong>Alternat\u00edvne rie\u0161enie sporov platn\u00e9 pre spotrebite\u013eov<\/strong><\/p>\n<p>Ak Prenaj\u00edmate\u013e na \u017eiados\u0165 N\u00e1jomcu neodpovie ani do 30 dn\u00ed od jej odoslania alebo odpovie zamietavo, N\u00e1jomca m\u00e1 v s\u00falade so z\u00e1konom \u010d\u00edslo 391\/2015 Z. z. o alternat\u00edvnom rie\u0161en\u00ed spotrebite\u013esk\u00fdch sporov v znen\u00ed neskor\u0161\u00edch predpisov pr\u00e1vo poda\u0165 subjektu alternat\u00edvneho rie\u0161enia sporov n\u00e1vrh na za\u010datie alternat\u00edvneho rie\u0161enia sporu.<\/p>\n<p>Zoznam subjektov alternat\u00edvneho rie\u0161enia sporov spr\u00edstup\u0148uje na svojom webovom s\u00eddle Ministerstvo hospod\u00e1rstva Slovenskej republiky. Na webovom s\u00eddle Ministerstva hospod\u00e1rstva Slovenskej republiky (<a href=\"https:\/\/www.mhsr.sk\/obchod\/ochrana-spotrebitela\/alternativne-riesenie-spotrebitelskych-sporov-1\/zoznam-subjektov-alternativneho-riesenia-spotrebitelskych-sporov-1\" target=\"_blank\" rel=\"noopener\">kliknite na link<\/a> ) s\u00fa uveden\u00e9 aj bli\u017e\u0161ie inform\u00e1cie o pr\u00edslu\u0161nom subjekte alternat\u00edvneho rie\u0161enia sporov a o podmienkach, na z\u00e1klade ktor\u00fdch sa na tento subjekt m\u00f4\u017ee N\u00e1jomca obr\u00e1ti\u0165.<\/p>\n<p>[\/et_pb_text][\/et_pb_column][\/et_pb_row][\/et_pb_section]<\/p>\n","protected":false},"excerpt":{"rendered":"<p>Alternat\u00edvne rie\u0161enie sporov platn\u00e9 pre spotrebite\u013eov Ak Prenaj\u00edmate\u013e na \u017eiados\u0165 N\u00e1jomcu neodpovie ani do 30 dn\u00ed od jej odoslania alebo odpovie zamietavo, N\u00e1jomca m\u00e1 v s\u00falade so z\u00e1konom \u010d\u00edslo 391\/2015 Z. z. o alternat\u00edvnom rie\u0161en\u00ed spotrebite\u013esk\u00fdch sporov v znen\u00ed neskor\u0161\u00edch predpisov pr\u00e1vo poda\u0165 subjektu alternat\u00edvneho rie\u0161enia sporov n\u00e1vrh na za\u010datie alternat\u00edvneho rie\u0161enia sporu. Zoznam subjektov [&hellip;]<\/p>\n","protected":false},"author":1,"featured_media":0,"parent":0,"menu_order":0,"comment_status":"closed","ping_status":"closed","template":"","meta":{"_et_pb_use_builder":"on","_et_pb_old_content":"<!-- wp:divi\/placeholder \/-->","_et_gb_content_width":"","footnotes":""},"class_list":["post-6054","page","type-page","status-publish","hentry"],"yoast_head":"<!-- This site is optimized with the Yoast SEO plugin v27.4 - https:\/\/yoast.com\/product\/yoast-seo-wordpress\/ -->\n<title>Alternat\u00edvne rie\u0161enie spotrebite\u013esk\u00fdch sporov - Blumeria consulting s.r.o.<\/title>\n<meta name=\"description\" content=\"Alternat\u00edvne rie\u0161enie spotrebite\u013esk\u00fdch sporov\" \/>\n<meta name=\"robots\" content=\"index, follow, max-snippet:-1, max-image-preview:large, max-video-preview:-1\" \/>\n<link rel=\"canonical\" href=\"https:\/\/www.blumeriaconsulting.sk\/en\/alternativne-riesenie-spotrebitelskych-sporov\/\" \/>\n<meta property=\"og:locale\" content=\"en_US\" \/>\n<meta property=\"og:type\" content=\"article\" \/>\n<meta property=\"og:title\" content=\"Alternat\u00edvne rie\u0161enie spotrebite\u013esk\u00fdch sporov - Blumeria consulting s.r.o.\" \/>\n<meta property=\"og:description\" content=\"Alternat\u00edvne rie\u0161enie spotrebite\u013esk\u00fdch sporov\" \/>\n<meta property=\"og:url\" content=\"https:\/\/www.blumeriaconsulting.sk\/en\/alternativne-riesenie-spotrebitelskych-sporov\/\" \/>\n<meta property=\"og:site_name\" content=\"Blumeria consulting s.r.o.\" \/>\n<meta property=\"article:modified_time\" content=\"2025-03-10T13:36:43+00:00\" \/>\n<meta name=\"twitter:card\" content=\"summary_large_image\" \/>\n<script type=\"application\/ld+json\" class=\"yoast-schema-graph\">{\"@context\":\"https:\\\/\\\/schema.org\",\"@graph\":[{\"@type\":\"WebPage\",\"@id\":\"https:\\\/\\\/www.blumeriaconsulting.sk\\\/en\\\/alternativne-riesenie-spotrebitelskych-sporov\\\/\",\"url\":\"https:\\\/\\\/www.blumeriaconsulting.sk\\\/en\\\/alternativne-riesenie-spotrebitelskych-sporov\\\/\",\"name\":\"Alternat\u00edvne rie\u0161enie spotrebite\u013esk\u00fdch sporov - Blumeria consulting s.r.o.\",\"isPartOf\":{\"@id\":\"https:\\\/\\\/www.blumeriaconsulting.sk\\\/en\\\/#website\"},\"datePublished\":\"2024-01-28T18:34:06+00:00\",\"dateModified\":\"2025-03-10T13:36:43+00:00\",\"description\":\"Alternat\u00edvne rie\u0161enie spotrebite\u013esk\u00fdch sporov\",\"breadcrumb\":{\"@id\":\"https:\\\/\\\/www.blumeriaconsulting.sk\\\/en\\\/alternativne-riesenie-spotrebitelskych-sporov\\\/#breadcrumb\"},\"inLanguage\":\"en-US\",\"potentialAction\":[{\"@type\":\"ReadAction\",\"target\":[\"https:\\\/\\\/www.blumeriaconsulting.sk\\\/en\\\/alternativne-riesenie-spotrebitelskych-sporov\\\/\"]}]},{\"@type\":\"BreadcrumbList\",\"@id\":\"https:\\\/\\\/www.blumeriaconsulting.sk\\\/en\\\/alternativne-riesenie-spotrebitelskych-sporov\\\/#breadcrumb\",\"itemListElement\":[{\"@type\":\"ListItem\",\"position\":1,\"name\":\"Domovsk\u00e1 str\u00e1nka\",\"item\":\"https:\\\/\\\/www.blumeriaconsulting.sk\\\/en\\\/experimentation-and-consultancy-in-plant-protection\\\/\"},{\"@type\":\"ListItem\",\"position\":2,\"name\":\"Alternat\u00edvne rie\u0161enie spotrebite\u013esk\u00fdch sporov\"}]},{\"@type\":\"WebSite\",\"@id\":\"https:\\\/\\\/www.blumeriaconsulting.sk\\\/en\\\/#website\",\"url\":\"https:\\\/\\\/www.blumeriaconsulting.sk\\\/en\\\/\",\"name\":\"Blumeria consulting s.r.o.\",\"description\":\"za pokus to stoj\u00ed...\",\"potentialAction\":[{\"@type\":\"SearchAction\",\"target\":{\"@type\":\"EntryPoint\",\"urlTemplate\":\"https:\\\/\\\/www.blumeriaconsulting.sk\\\/en\\\/?s={search_term_string}\"},\"query-input\":{\"@type\":\"PropertyValueSpecification\",\"valueRequired\":true,\"valueName\":\"search_term_string\"}}],\"inLanguage\":\"en-US\"}]}<\/script>\n<!-- \/ Yoast SEO plugin. -->","yoast_head_json":{"title":"Alternat\u00edvne rie\u0161enie spotrebite\u013esk\u00fdch sporov - Blumeria consulting s.r.o.","description":"Alternat\u00edvne rie\u0161enie spotrebite\u013esk\u00fdch sporov","robots":{"index":"index","follow":"follow","max-snippet":"max-snippet:-1","max-image-preview":"max-image-preview:large","max-video-preview":"max-video-preview:-1"},"canonical":"https:\/\/www.blumeriaconsulting.sk\/en\/alternativne-riesenie-spotrebitelskych-sporov\/","og_locale":"en_US","og_type":"article","og_title":"Alternat\u00edvne rie\u0161enie spotrebite\u013esk\u00fdch sporov - Blumeria consulting s.r.o.","og_description":"Alternat\u00edvne rie\u0161enie spotrebite\u013esk\u00fdch sporov","og_url":"https:\/\/www.blumeriaconsulting.sk\/en\/alternativne-riesenie-spotrebitelskych-sporov\/","og_site_name":"Blumeria consulting s.r.o.","article_modified_time":"2025-03-10T13:36:43+00:00","twitter_card":"summary_large_image","schema":{"@context":"https:\/\/schema.org","@graph":[{"@type":"WebPage","@id":"https:\/\/www.blumeriaconsulting.sk\/en\/alternativne-riesenie-spotrebitelskych-sporov\/","url":"https:\/\/www.blumeriaconsulting.sk\/en\/alternativne-riesenie-spotrebitelskych-sporov\/","name":"Alternat\u00edvne rie\u0161enie spotrebite\u013esk\u00fdch sporov - Blumeria consulting s.r.o.","isPartOf":{"@id":"https:\/\/www.blumeriaconsulting.sk\/en\/#website"},"datePublished":"2024-01-28T18:34:06+00:00","dateModified":"2025-03-10T13:36:43+00:00","description":"Alternat\u00edvne rie\u0161enie spotrebite\u013esk\u00fdch sporov","breadcrumb":{"@id":"https:\/\/www.blumeriaconsulting.sk\/en\/alternativne-riesenie-spotrebitelskych-sporov\/#breadcrumb"},"inLanguage":"en-US","potentialAction":[{"@type":"ReadAction","target":["https:\/\/www.blumeriaconsulting.sk\/en\/alternativne-riesenie-spotrebitelskych-sporov\/"]}]},{"@type":"BreadcrumbList","@id":"https:\/\/www.blumeriaconsulting.sk\/en\/alternativne-riesenie-spotrebitelskych-sporov\/#breadcrumb","itemListElement":[{"@type":"ListItem","position":1,"name":"Domovsk\u00e1 str\u00e1nka","item":"https:\/\/www.blumeriaconsulting.sk\/en\/experimentation-and-consultancy-in-plant-protection\/"},{"@type":"ListItem","position":2,"name":"Alternat\u00edvne rie\u0161enie spotrebite\u013esk\u00fdch sporov"}]},{"@type":"WebSite","@id":"https:\/\/www.blumeriaconsulting.sk\/en\/#website","url":"https:\/\/www.blumeriaconsulting.sk\/en\/","name":"Blumeria consulting s.r.o.","description":"za pokus to stoj\u00ed...","potentialAction":[{"@type":"SearchAction","target":{"@type":"EntryPoint","urlTemplate":"https:\/\/www.blumeriaconsulting.sk\/en\/?s={search_term_string}"},"query-input":{"@type":"PropertyValueSpecification","valueRequired":true,"valueName":"search_term_string"}}],"inLanguage":"en-US"}]}},"_links":{"self":[{"href":"https:\/\/www.blumeriaconsulting.sk\/en\/wp-json\/wp\/v2\/pages\/6054","targetHints":{"allow":["GET"]}}],"collection":[{"href":"https:\/\/www.blumeriaconsulting.sk\/en\/wp-json\/wp\/v2\/pages"}],"about":[{"href":"https:\/\/www.blumeriaconsulting.sk\/en\/wp-json\/wp\/v2\/types\/page"}],"author":[{"embeddable":true,"href":"https:\/\/www.blumeriaconsulting.sk\/en\/wp-json\/wp\/v2\/users\/1"}],"replies":[{"embeddable":true,"href":"https:\/\/www.blumeriaconsulting.sk\/en\/wp-json\/wp\/v2\/comments?post=6054"}],"version-history":[{"count":8,"href":"https:\/\/www.blumeriaconsulting.sk\/en\/wp-json\/wp\/v2\/pages\/6054\/revisions"}],"predecessor-version":[{"id":7615,"href":"https:\/\/www.blumeriaconsulting.sk\/en\/wp-json\/wp\/v2\/pages\/6054\/revisions\/7615"}],"wp:attachment":[{"href":"https:\/\/www.blumeriaconsulting.sk\/en\/wp-json\/wp\/v2\/media?parent=6054"}],"curies":[{"name":"wp","href":"https:\/\/api.w.org\/{rel}","templated":true}]}}