{"id":6444,"date":"2024-05-02T20:45:41","date_gmt":"2024-05-02T18:45:41","guid":{"rendered":"https:\/\/www.blumeriaconsulting.sk\/eosda-crop-monitoring\/"},"modified":"2024-05-02T21:00:52","modified_gmt":"2024-05-02T19:00:52","slug":"eosda-crop-monitoring","status":"publish","type":"page","link":"https:\/\/www.blumeriaconsulting.sk\/en\/eosda-crop-monitoring\/","title":{"rendered":"EOSDA Crop monitoring"},"content":{"rendered":"<p>[et_pb_section fb_built=&#8221;1&#8243; _builder_version=&#8221;4.19.4&#8243; _module_preset=&#8221;default&#8221; custom_margin=&#8221;0px|0px|0px|0px|false|false&#8221; custom_padding=&#8221;0px|0px|0px|0px|false|false&#8221; global_colors_info=&#8221;{}&#8221;][et_pb_row use_custom_gutter=&#8221;on&#8221; _builder_version=&#8221;4.19.4&#8243; _module_preset=&#8221;default&#8221; width=&#8221;100%&#8221; custom_margin=&#8221;0px|0px|0px|0px|false|false&#8221; custom_padding=&#8221;0px|0px|0px|0px|false|false&#8221; border_width_bottom=&#8221;2px&#8221; border_color_bottom=&#8221;#FFFFFF&#8221; global_colors_info=&#8221;{}&#8221;][et_pb_column type=&#8221;4_4&#8243; _builder_version=&#8221;4.19.4&#8243; _module_preset=&#8221;default&#8221; global_colors_info=&#8221;{}&#8221;][et_pb_slider show_arrows=&#8221;off&#8221; show_pagination=&#8221;off&#8221; use_bg_overlay=&#8221;on&#8221; bg_overlay_color=&#8221;rgba(0,11,63,0.75)&#8221; _builder_version=&#8221;4.25.0&#8243; _module_preset=&#8221;default&#8221; custom_padding=&#8221;145px||141px|||&#8221; hover_enabled=&#8221;0&#8243; global_colors_info=&#8221;{}&#8221; sticky_enabled=&#8221;0&#8243;][et_pb_slide heading=&#8221;Are you watching your crops live?&#8221; _builder_version=&#8221;4.25.0&#8243; _module_preset=&#8221;default&#8221; header_font=&#8221;Titillium Web|600|||||||&#8221; header_font_size=&#8221;70px&#8221; header_line_height=&#8221;2.1em&#8221; body_font=&#8221;Titillium Web|600|||||||&#8221; body_font_size=&#8221;49px&#8221; body_line_height=&#8221;1.9em&#8221; background_color=&#8221;#000b3f&#8221; background_enable_color=&#8221;on&#8221; background_image=&#8221;https:\/\/www.blumeriaconsulting.sk\/wp-content\/uploads\/2023\/01\/eosda.webp&#8221; background_enable_image=&#8221;on&#8221; background_position=&#8221;top_left&#8221; hover_enabled=&#8221;0&#8243; header_font_size_tablet=&#8221;49px&#8221; header_font_size_phone=&#8221;27px&#8221; header_font_size_last_edited=&#8221;on|phone&#8221; body_font_tablet=&#8221;Titillium Web|600|||||||&#8221; body_font_phone=&#8221;Titillium Web|600|||||||&#8221; body_font_last_edited=&#8221;on|phone&#8221; body_text_color_tablet=&#8221;&#8221; body_text_color_phone=&#8221;&#8221; body_text_color_last_edited=&#8221;on|tablet&#8221; body_font_size_tablet=&#8221;39px&#8221; body_font_size_phone=&#8221;22px&#8221; body_font_size_last_edited=&#8221;on|phone&#8221; global_colors_info=&#8221;{}&#8221; sticky_transition=&#8221;on&#8221; sticky_enabled=&#8221;0&#8243;]<\/p>\n<p><span style=\"color: #33cccc;\"><\/span><\/p>\n<p><span style=\"color: #14cccc;\">EOSDA Crop monitoring<\/span><\/p>\n<p>Modern crop monitoring service<\/p>\n<p>[\/et_pb_slide][\/et_pb_slider][\/et_pb_column][\/et_pb_row][et_pb_row use_custom_gutter=&#8221;on&#8221; _builder_version=&#8221;4.19.4&#8243; _module_preset=&#8221;default&#8221; background_color=&#8221;#0d80a3&#8243; width=&#8221;100%&#8221; custom_padding=&#8221;||2px|||&#8221; global_colors_info=&#8221;{}&#8221;][et_pb_column type=&#8221;4_4&#8243; _builder_version=&#8221;4.19.4&#8243; _module_preset=&#8221;default&#8221; global_colors_info=&#8221;{}&#8221;][et_pb_image src=&#8221;https:\/\/www.blumeriaconsulting.sk\/wp-content\/uploads\/2023\/01\/EOSCM-2.png&#8221; title_text=&#8221;EOSCM&#8221; _builder_version=&#8221;4.19.4&#8243; _module_preset=&#8221;default&#8221; custom_margin=&#8221;0px|||24px|false|false&#8221; custom_margin_tablet=&#8221;|||0px|false|false&#8221; custom_margin_phone=&#8221;0px||||false|false&#8221; custom_margin_last_edited=&#8221;on|phone&#8221; custom_padding=&#8221;0px|||0px|false|false&#8221; global_colors_info=&#8221;{}&#8221;][\/et_pb_image][et_pb_text _builder_version=&#8221;4.25.0&#8243; _module_preset=&#8221;default&#8221; text_font=&#8221;Titillium Web|600|||||||&#8221; text_text_color=&#8221;#FFFFFF&#8221; text_font_size=&#8221;30px&#8221; header_font_size=&#8221;35px&#8221; transform_scale_linked=&#8221;off&#8221; transform_translate=&#8221;0px|-81px&#8221; transform_translate_linked=&#8221;off&#8221; custom_margin=&#8221;0px||0px||false|false&#8221; custom_margin_tablet=&#8221;0px||0px||false|false&#8221; custom_margin_phone=&#8221;7px||||false|false&#8221; custom_margin_last_edited=&#8221;on|desktop&#8221; custom_padding=&#8221;0px||30px|150px|false|false&#8221; custom_padding_tablet=&#8221;30px||30px|50px|false|false&#8221; custom_padding_phone=&#8221;30px||30px|50px|false|false&#8221; custom_padding_last_edited=&#8221;on|tablet&#8221; hover_enabled=&#8221;0&#8243; global_colors_info=&#8221;{}&#8221; sticky_enabled=&#8221;0&#8243;]<\/p>\n<p>Benefits of the service<\/p>\n<p>[\/et_pb_text][et_pb_text _builder_version=&#8221;4.25.0&#8243; _module_preset=&#8221;default&#8221; text_font=&#8221;Titillium Web||||||||&#8221; text_text_color=&#8221;#FFFFFF&#8221; text_font_size=&#8221;24px&#8221; text_line_height=&#8221;2em&#8221; header_font=&#8221;Titillium Web||||||||&#8221; transform_translate=&#8221;0px|-78px&#8221; transform_translate_linked=&#8221;off&#8221; background_layout=&#8221;dark&#8221; custom_margin_tablet=&#8221;&#8221; custom_margin_phone=&#8221;&#8221; custom_margin_last_edited=&#8221;on|desktop&#8221; custom_padding=&#8221;|18px||150px|false|false&#8221; custom_padding_tablet=&#8221;|||50px|false|false&#8221; custom_padding_phone=&#8221;|30px||30px|false|false&#8221; custom_padding_last_edited=&#8221;on|phone&#8221; hover_enabled=&#8221;0&#8243; text_font_size_tablet=&#8221;20px&#8221; text_font_size_phone=&#8221;17px&#8221; text_font_size_last_edited=&#8221;on|phone&#8221; global_colors_info=&#8221;{}&#8221; sticky_enabled=&#8221;0&#8243;]EOSDA Crop monitoring<\/p>\n<ul>\n<li>online crop monitoring<\/li>\n<li>no upfront investment and no hidden fees<\/li>\n<li>crop monitoring scope according to the task<\/li>\n<li>easy and intuitive input of the DPB of the monitored crops<\/li>\n<li>detailed and accurate meteorological data<\/li>\n<li>secure sharing of information on cultivation interventions and the development of the monitored crops<\/li>\n<li>targeted interventions at the time and place according to the needs of the crop<\/li>\n<li>interactive creation of application maps for targeted variable applications<\/li>\n<li>online information on cultivation interventions carried out<\/li>\n<li>online repository of application and yield maps with analytical tools<\/li>\n<li>significant reduction in operational costs for crop monitoring<\/li>\n<li>increased productivity and profit<\/li>\n<li>readily available basis for ECO payments<\/li>\n<li>continuous improvement and extension of functions in cooperation with agricultural machinery manufacturers<\/li>\n<\/ul>\n<p>[\/et_pb_text][\/et_pb_column][\/et_pb_row][\/et_pb_section]<\/p>\n","protected":false},"excerpt":{"rendered":"<p>EOSDA Crop monitoring Modern crop monitoring serviceBenefits of the serviceEOSDA Crop monitoring online crop monitoring no upfront investment and no hidden fees crop monitoring scope according to the task easy and intuitive input of the DPB of the monitored crops detailed and accurate meteorological data secure sharing of information on cultivation interventions and the development [&hellip;]<\/p>\n","protected":false},"author":1,"featured_media":0,"parent":0,"menu_order":0,"comment_status":"closed","ping_status":"closed","template":"","meta":{"_et_pb_use_builder":"on","_et_pb_old_content":"","_et_gb_content_width":"","footnotes":""},"class_list":["post-6444","page","type-page","status-publish","hentry"],"yoast_head":"<!-- This site is optimized with the Yoast SEO plugin v27.5 - https:\/\/yoast.com\/product\/yoast-seo-wordpress\/ -->\n<title>EOSDA Crop monitoring - Blumeria consulting s.r.o.<\/title>\n<meta name=\"description\" content=\"Modern\u00e1 slu\u017eba na sledovanie pestovan\u00fdch plod\u00edn. On-line monitoring pestovan\u00fdch plod\u00edn bez vstupn\u00fdch invest\u00edci\u00ed a skryt\u00fdch poplatkov.\" \/>\n<meta name=\"robots\" content=\"index, follow, max-snippet:-1, max-image-preview:large, max-video-preview:-1\" \/>\n<link rel=\"canonical\" href=\"https:\/\/www.blumeriaconsulting.sk\/en\/eosda-crop-monitoring\/\" \/>\n<meta property=\"og:locale\" content=\"en_US\" \/>\n<meta property=\"og:type\" content=\"article\" \/>\n<meta property=\"og:title\" content=\"EOSDA Crop monitoring - Blumeria consulting s.r.o.\" \/>\n<meta property=\"og:description\" content=\"Modern\u00e1 slu\u017eba na sledovanie pestovan\u00fdch plod\u00edn. On-line monitoring pestovan\u00fdch plod\u00edn bez vstupn\u00fdch invest\u00edci\u00ed a skryt\u00fdch poplatkov.\" \/>\n<meta property=\"og:url\" content=\"https:\/\/www.blumeriaconsulting.sk\/en\/eosda-crop-monitoring\/\" \/>\n<meta property=\"og:site_name\" content=\"Blumeria consulting s.r.o.\" \/>\n<meta property=\"article:modified_time\" content=\"2024-05-02T19:00:52+00:00\" \/>\n<meta name=\"twitter:card\" content=\"summary_large_image\" \/>\n<meta name=\"twitter:label1\" content=\"Est. reading time\" \/>\n\t<meta name=\"twitter:data1\" content=\"4 minutes\" \/>\n<script type=\"application\/ld+json\" class=\"yoast-schema-graph\">{\"@context\":\"https:\\\/\\\/schema.org\",\"@graph\":[{\"@type\":\"WebPage\",\"@id\":\"https:\\\/\\\/www.blumeriaconsulting.sk\\\/en\\\/eosda-crop-monitoring\\\/\",\"url\":\"https:\\\/\\\/www.blumeriaconsulting.sk\\\/en\\\/eosda-crop-monitoring\\\/\",\"name\":\"EOSDA Crop monitoring - Blumeria consulting s.r.o.\",\"isPartOf\":{\"@id\":\"https:\\\/\\\/www.blumeriaconsulting.sk\\\/en\\\/#website\"},\"datePublished\":\"2024-05-02T18:45:41+00:00\",\"dateModified\":\"2024-05-02T19:00:52+00:00\",\"description\":\"Modern\u00e1 slu\u017eba na sledovanie pestovan\u00fdch plod\u00edn. On-line monitoring pestovan\u00fdch plod\u00edn bez vstupn\u00fdch invest\u00edci\u00ed a skryt\u00fdch poplatkov.\",\"breadcrumb\":{\"@id\":\"https:\\\/\\\/www.blumeriaconsulting.sk\\\/en\\\/eosda-crop-monitoring\\\/#breadcrumb\"},\"inLanguage\":\"en-US\",\"potentialAction\":[{\"@type\":\"ReadAction\",\"target\":[\"https:\\\/\\\/www.blumeriaconsulting.sk\\\/en\\\/eosda-crop-monitoring\\\/\"]}]},{\"@type\":\"BreadcrumbList\",\"@id\":\"https:\\\/\\\/www.blumeriaconsulting.sk\\\/en\\\/eosda-crop-monitoring\\\/#breadcrumb\",\"itemListElement\":[{\"@type\":\"ListItem\",\"position\":1,\"name\":\"Domovsk\u00e1 str\u00e1nka\",\"item\":\"https:\\\/\\\/www.blumeriaconsulting.sk\\\/en\\\/experimentation-and-consultancy-in-plant-protection\\\/\"},{\"@type\":\"ListItem\",\"position\":2,\"name\":\"EOSDA Crop monitoring\"}]},{\"@type\":\"WebSite\",\"@id\":\"https:\\\/\\\/www.blumeriaconsulting.sk\\\/en\\\/#website\",\"url\":\"https:\\\/\\\/www.blumeriaconsulting.sk\\\/en\\\/\",\"name\":\"Blumeria consulting s.r.o.\",\"description\":\"za pokus to stoj\u00ed...\",\"potentialAction\":[{\"@type\":\"SearchAction\",\"target\":{\"@type\":\"EntryPoint\",\"urlTemplate\":\"https:\\\/\\\/www.blumeriaconsulting.sk\\\/en\\\/?s={search_term_string}\"},\"query-input\":{\"@type\":\"PropertyValueSpecification\",\"valueRequired\":true,\"valueName\":\"search_term_string\"}}],\"inLanguage\":\"en-US\"}]}<\/script>\n<!-- \/ Yoast SEO plugin. -->","yoast_head_json":{"title":"EOSDA Crop monitoring - Blumeria consulting s.r.o.","description":"Modern\u00e1 slu\u017eba na sledovanie pestovan\u00fdch plod\u00edn. On-line monitoring pestovan\u00fdch plod\u00edn bez vstupn\u00fdch invest\u00edci\u00ed a skryt\u00fdch poplatkov.","robots":{"index":"index","follow":"follow","max-snippet":"max-snippet:-1","max-image-preview":"max-image-preview:large","max-video-preview":"max-video-preview:-1"},"canonical":"https:\/\/www.blumeriaconsulting.sk\/en\/eosda-crop-monitoring\/","og_locale":"en_US","og_type":"article","og_title":"EOSDA Crop monitoring - Blumeria consulting s.r.o.","og_description":"Modern\u00e1 slu\u017eba na sledovanie pestovan\u00fdch plod\u00edn. On-line monitoring pestovan\u00fdch plod\u00edn bez vstupn\u00fdch invest\u00edci\u00ed a skryt\u00fdch poplatkov.","og_url":"https:\/\/www.blumeriaconsulting.sk\/en\/eosda-crop-monitoring\/","og_site_name":"Blumeria consulting s.r.o.","article_modified_time":"2024-05-02T19:00:52+00:00","twitter_card":"summary_large_image","twitter_misc":{"Est. reading time":"4 minutes"},"schema":{"@context":"https:\/\/schema.org","@graph":[{"@type":"WebPage","@id":"https:\/\/www.blumeriaconsulting.sk\/en\/eosda-crop-monitoring\/","url":"https:\/\/www.blumeriaconsulting.sk\/en\/eosda-crop-monitoring\/","name":"EOSDA Crop monitoring - Blumeria consulting s.r.o.","isPartOf":{"@id":"https:\/\/www.blumeriaconsulting.sk\/en\/#website"},"datePublished":"2024-05-02T18:45:41+00:00","dateModified":"2024-05-02T19:00:52+00:00","description":"Modern\u00e1 slu\u017eba na sledovanie pestovan\u00fdch plod\u00edn. On-line monitoring pestovan\u00fdch plod\u00edn bez vstupn\u00fdch invest\u00edci\u00ed a skryt\u00fdch poplatkov.","breadcrumb":{"@id":"https:\/\/www.blumeriaconsulting.sk\/en\/eosda-crop-monitoring\/#breadcrumb"},"inLanguage":"en-US","potentialAction":[{"@type":"ReadAction","target":["https:\/\/www.blumeriaconsulting.sk\/en\/eosda-crop-monitoring\/"]}]},{"@type":"BreadcrumbList","@id":"https:\/\/www.blumeriaconsulting.sk\/en\/eosda-crop-monitoring\/#breadcrumb","itemListElement":[{"@type":"ListItem","position":1,"name":"Domovsk\u00e1 str\u00e1nka","item":"https:\/\/www.blumeriaconsulting.sk\/en\/experimentation-and-consultancy-in-plant-protection\/"},{"@type":"ListItem","position":2,"name":"EOSDA Crop monitoring"}]},{"@type":"WebSite","@id":"https:\/\/www.blumeriaconsulting.sk\/en\/#website","url":"https:\/\/www.blumeriaconsulting.sk\/en\/","name":"Blumeria consulting s.r.o.","description":"za pokus to stoj\u00ed...","potentialAction":[{"@type":"SearchAction","target":{"@type":"EntryPoint","urlTemplate":"https:\/\/www.blumeriaconsulting.sk\/en\/?s={search_term_string}"},"query-input":{"@type":"PropertyValueSpecification","valueRequired":true,"valueName":"search_term_string"}}],"inLanguage":"en-US"}]}},"_links":{"self":[{"href":"https:\/\/www.blumeriaconsulting.sk\/en\/wp-json\/wp\/v2\/pages\/6444","targetHints":{"allow":["GET"]}}],"collection":[{"href":"https:\/\/www.blumeriaconsulting.sk\/en\/wp-json\/wp\/v2\/pages"}],"about":[{"href":"https:\/\/www.blumeriaconsulting.sk\/en\/wp-json\/wp\/v2\/types\/page"}],"author":[{"embeddable":true,"href":"https:\/\/www.blumeriaconsulting.sk\/en\/wp-json\/wp\/v2\/users\/1"}],"replies":[{"embeddable":true,"href":"https:\/\/www.blumeriaconsulting.sk\/en\/wp-json\/wp\/v2\/comments?post=6444"}],"version-history":[{"count":1,"href":"https:\/\/www.blumeriaconsulting.sk\/en\/wp-json\/wp\/v2\/pages\/6444\/revisions"}],"predecessor-version":[{"id":6451,"href":"https:\/\/www.blumeriaconsulting.sk\/en\/wp-json\/wp\/v2\/pages\/6444\/revisions\/6451"}],"wp:attachment":[{"href":"https:\/\/www.blumeriaconsulting.sk\/en\/wp-json\/wp\/v2\/media?parent=6444"}],"curies":[{"name":"wp","href":"https:\/\/api.w.org\/{rel}","templated":true}]}}